{"id":31,"date":"2025-10-17T17:47:42","date_gmt":"2025-10-17T15:47:42","guid":{"rendered":"https:\/\/lalaboralaula.es\/GV052526\/?page_id=31"},"modified":"2025-10-24T18:50:24","modified_gmt":"2025-10-24T16:50:24","slug":"nuestro-compromiso-con-la-sostenibilidad","status":"publish","type":"page","link":"https:\/\/lalaboralaula.es\/GV052526\/index.php\/nuestro-compromiso-con-la-sostenibilidad\/","title":{"rendered":"Nuestro compromiso con la sostenibilidad"},"content":{"rendered":"\n<p>En SurKaps creemos que el estilo puede ser responsable. Cada gorra que dise\u00f1amos busca dejar una huella positiva, no solo en quien la lleva, sino tambi\u00e9n en el mundo que nos rodea.<\/p>\n\n\n\n<p>Nuestro compromiso con el ODS 8 \u2013 Trabajo decente y crecimiento econ\u00f3mico se refleja en la colaboraci\u00f3n con talleres y proveedores que garantizan condiciones laborales justas y seguras. Queremos generar oportunidades dentro del sector de la moda urbana de manera sostenible, porque creemos que el crecimiento econ\u00f3mico real debe ir de la mano con el respeto a las personas.<\/p>\n\n\n\n<p>Adem\u00e1s, trabajamos siguiendo el ODS 12 \u2013 Producci\u00f3n y consumo responsables. Cada gorra est\u00e1 hecha para durar, con materiales de calidad que cuidan el medio ambiente. Fomentamos un consumo consciente: menos cantidad, m\u00e1s significado. Cada producto es una invitaci\u00f3n a valorar lo que compramos y priorizar durabilidad e identidad frente a la moda r\u00e1pida.<\/p>\n\n\n\n<p>Nos comprometemos tambi\u00e9n con el ODS 13 \u2013 Acci\u00f3n por el clima. Reducimos emisiones apostando por producci\u00f3n local, embalajes reciclables y soluciones que minimicen nuestro impacto ambiental. Cada paso que damos est\u00e1 pensado para proteger el planeta.<\/p>\n\n\n\n<p>Y porque creemos en que los grandes cambios se logran juntos, trabajamos seg\u00fan el ODS 17 \u2013 Alianzas para lograr los objetivos, colaborando con artistas, marcas y proveedores locales que comparten nuestra visi\u00f3n de un futuro m\u00e1s justo, creativo y sostenible.<\/p>\n\n\n\n<p>Para SurKaps, sostenibilidad significa hacer las cosas con cabeza y coraz\u00f3n. Cuidar del planeta no est\u00e1 re\u00f1ido con el estilo; al contrario, forma parte de \u00e9l. Cada gorra que llevas es una forma de vestir con conciencia, creatividad y responsabilidad.<\/p>\n","protected":false},"excerpt":{"rendered":"<p>En SurKaps creemos que el estilo puede ser responsable. Cada gorra que dise\u00f1amos busca dejar una huella positiva, no solo en quien la lleva, sino tambi\u00e9n en el mundo que nos rodea. Nuestro compromiso con el ODS 8 \u2013 Trabajo decente y crecimiento econ\u00f3mico se refleja en la colaboraci\u00f3n con talleres y proveedores que garantizan [&hellip;]<\/p>\n","protected":false},"author":1,"featured_media":0,"parent":0,"menu_order":0,"comment_status":"closed","ping_status":"closed","template":"","meta":{"footnotes":""},"class_list":["post-31","page","type-page","status-publish","hentry"],"yoast_head":"<!-- This site is optimized with the Yoast SEO plugin v27.3 - https:\/\/yoast.com\/product\/yoast-seo-wordpress\/ -->\n<title>Nuestro compromiso con la sostenibilidad - SurKaps<\/title>\n<meta name=\"robots\" content=\"index, follow, max-snippet:-1, max-image-preview:large, max-video-preview:-1\" \/>\n<link rel=\"canonical\" href=\"https:\/\/lalaboralaula.es\/GV052526\/index.php\/nuestro-compromiso-con-la-sostenibilidad\/\" \/>\n<meta property=\"og:locale\" content=\"es_ES\" \/>\n<meta property=\"og:type\" content=\"article\" \/>\n<meta property=\"og:title\" content=\"Nuestro compromiso con la sostenibilidad - SurKaps\" \/>\n<meta property=\"og:description\" content=\"En SurKaps creemos que el estilo puede ser responsable. Cada gorra que dise\u00f1amos busca dejar una huella positiva, no solo en quien la lleva, sino tambi\u00e9n en el mundo que nos rodea. Nuestro compromiso con el ODS 8 \u2013 Trabajo decente y crecimiento econ\u00f3mico se refleja en la colaboraci\u00f3n con talleres y proveedores que garantizan [&hellip;]\" \/>\n<meta property=\"og:url\" content=\"https:\/\/lalaboralaula.es\/GV052526\/index.php\/nuestro-compromiso-con-la-sostenibilidad\/\" \/>\n<meta property=\"og:site_name\" content=\"SurKaps\" \/>\n<meta property=\"article:modified_time\" content=\"2025-10-24T16:50:24+00:00\" \/>\n<meta name=\"twitter:card\" content=\"summary_large_image\" \/>\n<meta name=\"twitter:label1\" content=\"Tiempo de lectura\" \/>\n\t<meta name=\"twitter:data1\" content=\"1 minuto\" \/>\n<script type=\"application\/ld+json\" class=\"yoast-schema-graph\">{\"@context\":\"https:\\\/\\\/schema.org\",\"@graph\":[{\"@type\":\"WebPage\",\"@id\":\"https:\\\/\\\/lalaboralaula.es\\\/GV052526\\\/index.php\\\/nuestro-compromiso-con-la-sostenibilidad\\\/\",\"url\":\"https:\\\/\\\/lalaboralaula.es\\\/GV052526\\\/index.php\\\/nuestro-compromiso-con-la-sostenibilidad\\\/\",\"name\":\"Nuestro compromiso con la sostenibilidad - SurKaps\",\"isPartOf\":{\"@id\":\"https:\\\/\\\/lalaboralaula.es\\\/GV052526\\\/#website\"},\"datePublished\":\"2025-10-17T15:47:42+00:00\",\"dateModified\":\"2025-10-24T16:50:24+00:00\",\"breadcrumb\":{\"@id\":\"https:\\\/\\\/lalaboralaula.es\\\/GV052526\\\/index.php\\\/nuestro-compromiso-con-la-sostenibilidad\\\/#breadcrumb\"},\"inLanguage\":\"es\",\"potentialAction\":[{\"@type\":\"ReadAction\",\"target\":[\"https:\\\/\\\/lalaboralaula.es\\\/GV052526\\\/index.php\\\/nuestro-compromiso-con-la-sostenibilidad\\\/\"]}]},{\"@type\":\"BreadcrumbList\",\"@id\":\"https:\\\/\\\/lalaboralaula.es\\\/GV052526\\\/index.php\\\/nuestro-compromiso-con-la-sostenibilidad\\\/#breadcrumb\",\"itemListElement\":[{\"@type\":\"ListItem\",\"position\":1,\"name\":\"Portada\",\"item\":\"https:\\\/\\\/lalaboralaula.es\\\/GV052526\\\/\"},{\"@type\":\"ListItem\",\"position\":2,\"name\":\"Nuestro compromiso con la sostenibilidad\"}]},{\"@type\":\"WebSite\",\"@id\":\"https:\\\/\\\/lalaboralaula.es\\\/GV052526\\\/#website\",\"url\":\"https:\\\/\\\/lalaboralaula.es\\\/GV052526\\\/\",\"name\":\"SurKaps\",\"description\":\"\",\"publisher\":{\"@id\":\"https:\\\/\\\/lalaboralaula.es\\\/GV052526\\\/#organization\"},\"potentialAction\":[{\"@type\":\"SearchAction\",\"target\":{\"@type\":\"EntryPoint\",\"urlTemplate\":\"https:\\\/\\\/lalaboralaula.es\\\/GV052526\\\/?s={search_term_string}\"},\"query-input\":{\"@type\":\"PropertyValueSpecification\",\"valueRequired\":true,\"valueName\":\"search_term_string\"}}],\"inLanguage\":\"es\"},{\"@type\":\"Organization\",\"@id\":\"https:\\\/\\\/lalaboralaula.es\\\/GV052526\\\/#organization\",\"name\":\"SurKaps\",\"url\":\"https:\\\/\\\/lalaboralaula.es\\\/GV052526\\\/\",\"logo\":{\"@type\":\"ImageObject\",\"inLanguage\":\"es\",\"@id\":\"https:\\\/\\\/lalaboralaula.es\\\/GV052526\\\/#\\\/schema\\\/logo\\\/image\\\/\",\"url\":\"https:\\\/\\\/lalaboralaula.es\\\/GV052526\\\/wp-content\\\/uploads\\\/2025\\\/10\\\/cropped-SurKapsLogo.png\",\"contentUrl\":\"https:\\\/\\\/lalaboralaula.es\\\/GV052526\\\/wp-content\\\/uploads\\\/2025\\\/10\\\/cropped-SurKapsLogo.png\",\"width\":288,\"height\":67,\"caption\":\"SurKaps\"},\"image\":{\"@id\":\"https:\\\/\\\/lalaboralaula.es\\\/GV052526\\\/#\\\/schema\\\/logo\\\/image\\\/\"}}]}<\/script>\n<!-- \/ Yoast SEO plugin. -->","yoast_head_json":{"title":"Nuestro compromiso con la sostenibilidad - SurKaps","robots":{"index":"index","follow":"follow","max-snippet":"max-snippet:-1","max-image-preview":"max-image-preview:large","max-video-preview":"max-video-preview:-1"},"canonical":"https:\/\/lalaboralaula.es\/GV052526\/index.php\/nuestro-compromiso-con-la-sostenibilidad\/","og_locale":"es_ES","og_type":"article","og_title":"Nuestro compromiso con la sostenibilidad - SurKaps","og_description":"En SurKaps creemos que el estilo puede ser responsable. Cada gorra que dise\u00f1amos busca dejar una huella positiva, no solo en quien la lleva, sino tambi\u00e9n en el mundo que nos rodea. Nuestro compromiso con el ODS 8 \u2013 Trabajo decente y crecimiento econ\u00f3mico se refleja en la colaboraci\u00f3n con talleres y proveedores que garantizan [&hellip;]","og_url":"https:\/\/lalaboralaula.es\/GV052526\/index.php\/nuestro-compromiso-con-la-sostenibilidad\/","og_site_name":"SurKaps","article_modified_time":"2025-10-24T16:50:24+00:00","twitter_card":"summary_large_image","twitter_misc":{"Tiempo de lectura":"1 minuto"},"schema":{"@context":"https:\/\/schema.org","@graph":[{"@type":"WebPage","@id":"https:\/\/lalaboralaula.es\/GV052526\/index.php\/nuestro-compromiso-con-la-sostenibilidad\/","url":"https:\/\/lalaboralaula.es\/GV052526\/index.php\/nuestro-compromiso-con-la-sostenibilidad\/","name":"Nuestro compromiso con la sostenibilidad - SurKaps","isPartOf":{"@id":"https:\/\/lalaboralaula.es\/GV052526\/#website"},"datePublished":"2025-10-17T15:47:42+00:00","dateModified":"2025-10-24T16:50:24+00:00","breadcrumb":{"@id":"https:\/\/lalaboralaula.es\/GV052526\/index.php\/nuestro-compromiso-con-la-sostenibilidad\/#breadcrumb"},"inLanguage":"es","potentialAction":[{"@type":"ReadAction","target":["https:\/\/lalaboralaula.es\/GV052526\/index.php\/nuestro-compromiso-con-la-sostenibilidad\/"]}]},{"@type":"BreadcrumbList","@id":"https:\/\/lalaboralaula.es\/GV052526\/index.php\/nuestro-compromiso-con-la-sostenibilidad\/#breadcrumb","itemListElement":[{"@type":"ListItem","position":1,"name":"Portada","item":"https:\/\/lalaboralaula.es\/GV052526\/"},{"@type":"ListItem","position":2,"name":"Nuestro compromiso con la sostenibilidad"}]},{"@type":"WebSite","@id":"https:\/\/lalaboralaula.es\/GV052526\/#website","url":"https:\/\/lalaboralaula.es\/GV052526\/","name":"SurKaps","description":"","publisher":{"@id":"https:\/\/lalaboralaula.es\/GV052526\/#organization"},"potentialAction":[{"@type":"SearchAction","target":{"@type":"EntryPoint","urlTemplate":"https:\/\/lalaboralaula.es\/GV052526\/?s={search_term_string}"},"query-input":{"@type":"PropertyValueSpecification","valueRequired":true,"valueName":"search_term_string"}}],"inLanguage":"es"},{"@type":"Organization","@id":"https:\/\/lalaboralaula.es\/GV052526\/#organization","name":"SurKaps","url":"https:\/\/lalaboralaula.es\/GV052526\/","logo":{"@type":"ImageObject","inLanguage":"es","@id":"https:\/\/lalaboralaula.es\/GV052526\/#\/schema\/logo\/image\/","url":"https:\/\/lalaboralaula.es\/GV052526\/wp-content\/uploads\/2025\/10\/cropped-SurKapsLogo.png","contentUrl":"https:\/\/lalaboralaula.es\/GV052526\/wp-content\/uploads\/2025\/10\/cropped-SurKapsLogo.png","width":288,"height":67,"caption":"SurKaps"},"image":{"@id":"https:\/\/lalaboralaula.es\/GV052526\/#\/schema\/logo\/image\/"}}]}},"_links":{"self":[{"href":"https:\/\/lalaboralaula.es\/GV052526\/index.php\/wp-json\/wp\/v2\/pages\/31","targetHints":{"allow":["GET"]}}],"collection":[{"href":"https:\/\/lalaboralaula.es\/GV052526\/index.php\/wp-json\/wp\/v2\/pages"}],"about":[{"href":"https:\/\/lalaboralaula.es\/GV052526\/index.php\/wp-json\/wp\/v2\/types\/page"}],"author":[{"embeddable":true,"href":"https:\/\/lalaboralaula.es\/GV052526\/index.php\/wp-json\/wp\/v2\/users\/1"}],"replies":[{"embeddable":true,"href":"https:\/\/lalaboralaula.es\/GV052526\/index.php\/wp-json\/wp\/v2\/comments?post=31"}],"version-history":[{"count":4,"href":"https:\/\/lalaboralaula.es\/GV052526\/index.php\/wp-json\/wp\/v2\/pages\/31\/revisions"}],"predecessor-version":[{"id":122,"href":"https:\/\/lalaboralaula.es\/GV052526\/index.php\/wp-json\/wp\/v2\/pages\/31\/revisions\/122"}],"wp:attachment":[{"href":"https:\/\/lalaboralaula.es\/GV052526\/index.php\/wp-json\/wp\/v2\/media?parent=31"}],"curies":[{"name":"wp","href":"https:\/\/api.w.org\/{rel}","templated":true}]}}