{"id":19,"date":"2025-10-17T17:40:10","date_gmt":"2025-10-17T15:40:10","guid":{"rendered":"https:\/\/lalaboralaula.es\/GV052526\/?page_id=19"},"modified":"2025-10-24T18:52:30","modified_gmt":"2025-10-24T16:52:30","slug":"atencion-al-cliente","status":"publish","type":"page","link":"https:\/\/lalaboralaula.es\/GV052526\/index.php\/atencion-al-cliente\/","title":{"rendered":"Atenci\u00f3n al cliente"},"content":{"rendered":"\n<p>\u00a1Estamos aqu\u00ed para ayudarte!<\/p>\n\n\n\n<p>En SurKaps queremos que tu experiencia sea tan positiva como llevar nuestras gorras. Si tienes dudas, necesitas informaci\u00f3n sobre nuestros productos o quieres hacernos llegar alguna sugerencia, est\u00e1s en el lugar correcto.<\/p>\n\n\n\n<p>Contacto directo<\/p>\n\n\n\n<p>Correo electr\u00f3nico: SurKapsBrand@gmail.com<\/p>\n\n\n\n<p>Tel\u00e9fono: +34 667 67 67 67 <br>Chat en vivo: Haz clic en el \u00edcono de chat en la esquina inferior derecha para hablar con nuestro equipo en tiempo real.<\/p>\n\n\n\n<p>Preguntas frecuentes<\/p>\n\n\n\n<p>Quiz\u00e1 encuentres tu respuesta r\u00e1pidamente aqu\u00ed:<\/p>\n\n\n\n<p>Informaci\u00f3n sobre productos: Consulta caracter\u00edsticas, materiales y disponibilidad.<\/p>\n\n\n\n<p>Personalizaci\u00f3n y colaboraciones: Descubre c\u00f3mo podemos crear productos \u00fanicos o trabajar juntos en proyectos creativos.<\/p>\n\n\n\n<p>Sugerencias y feedback: Nos encanta recibir ideas y comentarios que nos ayuden a mejorar.<\/p>\n\n\n\n<p>Formularios de contacto<\/p>\n\n\n\n<p>Si prefieres escribirnos directamente:<\/p>\n\n\n\n<p>Consulta general: Formulario de contacto<\/p>\n\n\n\n<p>Soporte personalizado: Formulario de soporte<\/p>\n\n\n\n<p>Sugerencias o colaboraciones: Formulario de sugerencias<\/p>\n\n\n\n<p>Nuestro compromiso<\/p>\n\n\n\n<p>En SurKaps creemos que la atenci\u00f3n al cliente tambi\u00e9n forma parte de nuestra sostenibilidad: queremos procesos claros, soluciones r\u00e1pidas y un trato cercano y responsable. Tu satisfacci\u00f3n es parte de nuestro estilo.<\/p>\n","protected":false},"excerpt":{"rendered":"<p>\u00a1Estamos aqu\u00ed para ayudarte! En SurKaps queremos que tu experiencia sea tan positiva como llevar nuestras gorras. Si tienes dudas, necesitas informaci\u00f3n sobre nuestros productos o quieres hacernos llegar alguna sugerencia, est\u00e1s en el lugar correcto. Contacto directo Correo electr\u00f3nico: SurKapsBrand@gmail.com Tel\u00e9fono: +34 667 67 67 67 Chat en vivo: Haz clic en el \u00edcono [&hellip;]<\/p>\n","protected":false},"author":1,"featured_media":0,"parent":0,"menu_order":0,"comment_status":"closed","ping_status":"closed","template":"","meta":{"footnotes":""},"class_list":["post-19","page","type-page","status-publish","hentry"],"yoast_head":"<!-- This site is optimized with the Yoast SEO plugin v27.3 - https:\/\/yoast.com\/product\/yoast-seo-wordpress\/ -->\n<title>Atenci\u00f3n al cliente - SurKaps<\/title>\n<meta name=\"robots\" content=\"index, follow, max-snippet:-1, max-image-preview:large, max-video-preview:-1\" \/>\n<link rel=\"canonical\" href=\"https:\/\/lalaboralaula.es\/GV052526\/index.php\/atencion-al-cliente\/\" \/>\n<meta property=\"og:locale\" content=\"es_ES\" \/>\n<meta property=\"og:type\" content=\"article\" \/>\n<meta property=\"og:title\" content=\"Atenci\u00f3n al cliente - SurKaps\" \/>\n<meta property=\"og:description\" content=\"\u00a1Estamos aqu\u00ed para ayudarte! En SurKaps queremos que tu experiencia sea tan positiva como llevar nuestras gorras. Si tienes dudas, necesitas informaci\u00f3n sobre nuestros productos o quieres hacernos llegar alguna sugerencia, est\u00e1s en el lugar correcto. Contacto directo Correo electr\u00f3nico: SurKapsBrand@gmail.com Tel\u00e9fono: +34 667 67 67 67 Chat en vivo: Haz clic en el \u00edcono [&hellip;]\" \/>\n<meta property=\"og:url\" content=\"https:\/\/lalaboralaula.es\/GV052526\/index.php\/atencion-al-cliente\/\" \/>\n<meta property=\"og:site_name\" content=\"SurKaps\" \/>\n<meta property=\"article:modified_time\" content=\"2025-10-24T16:52:30+00:00\" \/>\n<meta name=\"twitter:card\" content=\"summary_large_image\" \/>\n<meta name=\"twitter:label1\" content=\"Tiempo de lectura\" \/>\n\t<meta name=\"twitter:data1\" content=\"1 minuto\" \/>\n<script type=\"application\/ld+json\" class=\"yoast-schema-graph\">{\"@context\":\"https:\\\/\\\/schema.org\",\"@graph\":[{\"@type\":\"WebPage\",\"@id\":\"https:\\\/\\\/lalaboralaula.es\\\/GV052526\\\/index.php\\\/atencion-al-cliente\\\/\",\"url\":\"https:\\\/\\\/lalaboralaula.es\\\/GV052526\\\/index.php\\\/atencion-al-cliente\\\/\",\"name\":\"Atenci\u00f3n al cliente - SurKaps\",\"isPartOf\":{\"@id\":\"https:\\\/\\\/lalaboralaula.es\\\/GV052526\\\/#website\"},\"datePublished\":\"2025-10-17T15:40:10+00:00\",\"dateModified\":\"2025-10-24T16:52:30+00:00\",\"breadcrumb\":{\"@id\":\"https:\\\/\\\/lalaboralaula.es\\\/GV052526\\\/index.php\\\/atencion-al-cliente\\\/#breadcrumb\"},\"inLanguage\":\"es\",\"potentialAction\":[{\"@type\":\"ReadAction\",\"target\":[\"https:\\\/\\\/lalaboralaula.es\\\/GV052526\\\/index.php\\\/atencion-al-cliente\\\/\"]}]},{\"@type\":\"BreadcrumbList\",\"@id\":\"https:\\\/\\\/lalaboralaula.es\\\/GV052526\\\/index.php\\\/atencion-al-cliente\\\/#breadcrumb\",\"itemListElement\":[{\"@type\":\"ListItem\",\"position\":1,\"name\":\"Portada\",\"item\":\"https:\\\/\\\/lalaboralaula.es\\\/GV052526\\\/\"},{\"@type\":\"ListItem\",\"position\":2,\"name\":\"Atenci\u00f3n al cliente\"}]},{\"@type\":\"WebSite\",\"@id\":\"https:\\\/\\\/lalaboralaula.es\\\/GV052526\\\/#website\",\"url\":\"https:\\\/\\\/lalaboralaula.es\\\/GV052526\\\/\",\"name\":\"SurKaps\",\"description\":\"\",\"publisher\":{\"@id\":\"https:\\\/\\\/lalaboralaula.es\\\/GV052526\\\/#organization\"},\"potentialAction\":[{\"@type\":\"SearchAction\",\"target\":{\"@type\":\"EntryPoint\",\"urlTemplate\":\"https:\\\/\\\/lalaboralaula.es\\\/GV052526\\\/?s={search_term_string}\"},\"query-input\":{\"@type\":\"PropertyValueSpecification\",\"valueRequired\":true,\"valueName\":\"search_term_string\"}}],\"inLanguage\":\"es\"},{\"@type\":\"Organization\",\"@id\":\"https:\\\/\\\/lalaboralaula.es\\\/GV052526\\\/#organization\",\"name\":\"SurKaps\",\"url\":\"https:\\\/\\\/lalaboralaula.es\\\/GV052526\\\/\",\"logo\":{\"@type\":\"ImageObject\",\"inLanguage\":\"es\",\"@id\":\"https:\\\/\\\/lalaboralaula.es\\\/GV052526\\\/#\\\/schema\\\/logo\\\/image\\\/\",\"url\":\"https:\\\/\\\/lalaboralaula.es\\\/GV052526\\\/wp-content\\\/uploads\\\/2025\\\/10\\\/cropped-SurKapsLogo.png\",\"contentUrl\":\"https:\\\/\\\/lalaboralaula.es\\\/GV052526\\\/wp-content\\\/uploads\\\/2025\\\/10\\\/cropped-SurKapsLogo.png\",\"width\":288,\"height\":67,\"caption\":\"SurKaps\"},\"image\":{\"@id\":\"https:\\\/\\\/lalaboralaula.es\\\/GV052526\\\/#\\\/schema\\\/logo\\\/image\\\/\"}}]}<\/script>\n<!-- \/ Yoast SEO plugin. -->","yoast_head_json":{"title":"Atenci\u00f3n al cliente - SurKaps","robots":{"index":"index","follow":"follow","max-snippet":"max-snippet:-1","max-image-preview":"max-image-preview:large","max-video-preview":"max-video-preview:-1"},"canonical":"https:\/\/lalaboralaula.es\/GV052526\/index.php\/atencion-al-cliente\/","og_locale":"es_ES","og_type":"article","og_title":"Atenci\u00f3n al cliente - SurKaps","og_description":"\u00a1Estamos aqu\u00ed para ayudarte! En SurKaps queremos que tu experiencia sea tan positiva como llevar nuestras gorras. Si tienes dudas, necesitas informaci\u00f3n sobre nuestros productos o quieres hacernos llegar alguna sugerencia, est\u00e1s en el lugar correcto. Contacto directo Correo electr\u00f3nico: SurKapsBrand@gmail.com Tel\u00e9fono: +34 667 67 67 67 Chat en vivo: Haz clic en el \u00edcono [&hellip;]","og_url":"https:\/\/lalaboralaula.es\/GV052526\/index.php\/atencion-al-cliente\/","og_site_name":"SurKaps","article_modified_time":"2025-10-24T16:52:30+00:00","twitter_card":"summary_large_image","twitter_misc":{"Tiempo de lectura":"1 minuto"},"schema":{"@context":"https:\/\/schema.org","@graph":[{"@type":"WebPage","@id":"https:\/\/lalaboralaula.es\/GV052526\/index.php\/atencion-al-cliente\/","url":"https:\/\/lalaboralaula.es\/GV052526\/index.php\/atencion-al-cliente\/","name":"Atenci\u00f3n al cliente - SurKaps","isPartOf":{"@id":"https:\/\/lalaboralaula.es\/GV052526\/#website"},"datePublished":"2025-10-17T15:40:10+00:00","dateModified":"2025-10-24T16:52:30+00:00","breadcrumb":{"@id":"https:\/\/lalaboralaula.es\/GV052526\/index.php\/atencion-al-cliente\/#breadcrumb"},"inLanguage":"es","potentialAction":[{"@type":"ReadAction","target":["https:\/\/lalaboralaula.es\/GV052526\/index.php\/atencion-al-cliente\/"]}]},{"@type":"BreadcrumbList","@id":"https:\/\/lalaboralaula.es\/GV052526\/index.php\/atencion-al-cliente\/#breadcrumb","itemListElement":[{"@type":"ListItem","position":1,"name":"Portada","item":"https:\/\/lalaboralaula.es\/GV052526\/"},{"@type":"ListItem","position":2,"name":"Atenci\u00f3n al cliente"}]},{"@type":"WebSite","@id":"https:\/\/lalaboralaula.es\/GV052526\/#website","url":"https:\/\/lalaboralaula.es\/GV052526\/","name":"SurKaps","description":"","publisher":{"@id":"https:\/\/lalaboralaula.es\/GV052526\/#organization"},"potentialAction":[{"@type":"SearchAction","target":{"@type":"EntryPoint","urlTemplate":"https:\/\/lalaboralaula.es\/GV052526\/?s={search_term_string}"},"query-input":{"@type":"PropertyValueSpecification","valueRequired":true,"valueName":"search_term_string"}}],"inLanguage":"es"},{"@type":"Organization","@id":"https:\/\/lalaboralaula.es\/GV052526\/#organization","name":"SurKaps","url":"https:\/\/lalaboralaula.es\/GV052526\/","logo":{"@type":"ImageObject","inLanguage":"es","@id":"https:\/\/lalaboralaula.es\/GV052526\/#\/schema\/logo\/image\/","url":"https:\/\/lalaboralaula.es\/GV052526\/wp-content\/uploads\/2025\/10\/cropped-SurKapsLogo.png","contentUrl":"https:\/\/lalaboralaula.es\/GV052526\/wp-content\/uploads\/2025\/10\/cropped-SurKapsLogo.png","width":288,"height":67,"caption":"SurKaps"},"image":{"@id":"https:\/\/lalaboralaula.es\/GV052526\/#\/schema\/logo\/image\/"}}]}},"_links":{"self":[{"href":"https:\/\/lalaboralaula.es\/GV052526\/index.php\/wp-json\/wp\/v2\/pages\/19","targetHints":{"allow":["GET"]}}],"collection":[{"href":"https:\/\/lalaboralaula.es\/GV052526\/index.php\/wp-json\/wp\/v2\/pages"}],"about":[{"href":"https:\/\/lalaboralaula.es\/GV052526\/index.php\/wp-json\/wp\/v2\/types\/page"}],"author":[{"embeddable":true,"href":"https:\/\/lalaboralaula.es\/GV052526\/index.php\/wp-json\/wp\/v2\/users\/1"}],"replies":[{"embeddable":true,"href":"https:\/\/lalaboralaula.es\/GV052526\/index.php\/wp-json\/wp\/v2\/comments?post=19"}],"version-history":[{"count":3,"href":"https:\/\/lalaboralaula.es\/GV052526\/index.php\/wp-json\/wp\/v2\/pages\/19\/revisions"}],"predecessor-version":[{"id":123,"href":"https:\/\/lalaboralaula.es\/GV052526\/index.php\/wp-json\/wp\/v2\/pages\/19\/revisions\/123"}],"wp:attachment":[{"href":"https:\/\/lalaboralaula.es\/GV052526\/index.php\/wp-json\/wp\/v2\/media?parent=19"}],"curies":[{"name":"wp","href":"https:\/\/api.w.org\/{rel}","templated":true}]}}