{"id":324,"date":"2025-11-28T18:00:33","date_gmt":"2025-11-28T18:00:33","guid":{"rendered":"https:\/\/lalaboralaula.es\/GV042526\/?post_type=product&#038;p=324"},"modified":"2026-01-27T19:12:05","modified_gmt":"2026-01-27T19:12:05","slug":"trazos-del-alma-en-acuarela","status":"publish","type":"product","link":"https:\/\/lalaboralaula.es\/GV042526\/index.php\/producto\/trazos-del-alma-en-acuarela\/","title":{"rendered":"Trazos del alma en acuarela"},"content":{"rendered":"<p>\u00abTrazos del alma en acuarela\u00bb es un diario de volumen en tapa dura con interior mate. Acompa\u00f1ado de un set de pegatinas y decoraciones tem\u00e1ticas, dise\u00f1ado para atesorar recuerdos personales, de maquillaje, ideas a futuro y dem\u00e1s. Es un diario en formato tapa dura pensado para acompa\u00f1ar tu proceso creativo diario. Con 234 paginas, cada jornada se inicia con una frase motivadora que te inspire a escribir tus deseos y emociones. Que te sirva de inspiraci\u00f3n para tu d\u00eda a d\u00eda.<\/p>\n","protected":false},"excerpt":{"rendered":"<p>Diario perfecto para plasmar tus ideas, emociones, vivencias y recuerdos. 234 paginas.<\/p>\n","protected":false},"featured_media":311,"comment_status":"open","ping_status":"closed","template":"","meta":[],"product_brand":[],"product_cat":[46,17,45],"product_tag":[49,48,47],"class_list":{"0":"post-324","1":"product","2":"type-product","3":"status-publish","4":"has-post-thumbnail","6":"product_cat-bullet-journal","7":"product_cat-sin-categorizar","8":"product_cat-trazos-del-alma-en-acuarela","9":"product_tag-acuarela","10":"product_tag-bullet-journal","11":"product_tag-diario-creativo","13":"first","14":"instock","15":"taxable","16":"shipping-taxable","17":"purchasable","18":"product-type-simple"},"yoast_head":"<!-- This site is optimized with the Yoast SEO plugin v27.4 - https:\/\/yoast.com\/product\/yoast-seo-wordpress\/ -->\n<title>Trazos del alma en acuarela - GLOSSIQUE<\/title>\n<meta name=\"description\" content=\"Diario perfecto para tu d\u00eda a d\u00eda que te ayude a conectar contigo misma y conocerte con GLOSSIQUE en la ayuda de tu aumento en autoestima y amor propio.\" \/>\n<meta name=\"robots\" content=\"index, follow, max-snippet:-1, max-image-preview:large, max-video-preview:-1\" \/>\n<link rel=\"canonical\" href=\"https:\/\/lalaboralaula.es\/GV042526\/index.php\/producto\/trazos-del-alma-en-acuarela\/\" \/>\n<meta property=\"og:locale\" content=\"es_ES\" \/>\n<meta property=\"og:type\" content=\"article\" \/>\n<meta property=\"og:title\" content=\"Trazos del alma en acuarela - GLOSSIQUE\" \/>\n<meta property=\"og:description\" content=\"Diario perfecto para tu d\u00eda a d\u00eda que te ayude a conectar contigo misma y conocerte con GLOSSIQUE en la ayuda de tu aumento en autoestima y amor propio.\" \/>\n<meta property=\"og:url\" content=\"https:\/\/lalaboralaula.es\/GV042526\/index.php\/producto\/trazos-del-alma-en-acuarela\/\" \/>\n<meta property=\"og:site_name\" content=\"GLOSSIQUE\" \/>\n<meta property=\"article:modified_time\" content=\"2026-01-27T19:12:05+00:00\" \/>\n<meta property=\"og:image\" content=\"https:\/\/lalaboralaula.es\/GV042526\/wp-content\/uploads\/2025\/11\/image-5.png\" \/>\n\t<meta property=\"og:image:width\" content=\"505\" \/>\n\t<meta property=\"og:image:height\" content=\"500\" \/>\n\t<meta property=\"og:image:type\" content=\"image\/png\" \/>\n<meta name=\"twitter:card\" content=\"summary_large_image\" \/>\n<meta name=\"twitter:label1\" content=\"Tiempo de lectura\" \/>\n\t<meta name=\"twitter:data1\" content=\"1 minuto\" \/>\n<script type=\"application\/ld+json\" class=\"yoast-schema-graph\">{\"@context\":\"https:\\\/\\\/schema.org\",\"@graph\":[{\"@type\":\"WebPage\",\"@id\":\"https:\\\/\\\/lalaboralaula.es\\\/GV042526\\\/index.php\\\/producto\\\/trazos-del-alma-en-acuarela\\\/\",\"url\":\"https:\\\/\\\/lalaboralaula.es\\\/GV042526\\\/index.php\\\/producto\\\/trazos-del-alma-en-acuarela\\\/\",\"name\":\"Trazos del alma en acuarela - GLOSSIQUE\",\"isPartOf\":{\"@id\":\"https:\\\/\\\/lalaboralaula.es\\\/GV042526\\\/#website\"},\"primaryImageOfPage\":{\"@id\":\"https:\\\/\\\/lalaboralaula.es\\\/GV042526\\\/index.php\\\/producto\\\/trazos-del-alma-en-acuarela\\\/#primaryimage\"},\"image\":{\"@id\":\"https:\\\/\\\/lalaboralaula.es\\\/GV042526\\\/index.php\\\/producto\\\/trazos-del-alma-en-acuarela\\\/#primaryimage\"},\"thumbnailUrl\":\"https:\\\/\\\/lalaboralaula.es\\\/GV042526\\\/wp-content\\\/uploads\\\/2025\\\/11\\\/image-5.png\",\"datePublished\":\"2025-11-28T18:00:33+00:00\",\"dateModified\":\"2026-01-27T19:12:05+00:00\",\"description\":\"Diario perfecto para tu d\u00eda a d\u00eda que te ayude a conectar contigo misma y conocerte con GLOSSIQUE en la ayuda de tu aumento en autoestima y amor propio.\",\"breadcrumb\":{\"@id\":\"https:\\\/\\\/lalaboralaula.es\\\/GV042526\\\/index.php\\\/producto\\\/trazos-del-alma-en-acuarela\\\/#breadcrumb\"},\"inLanguage\":\"es\",\"potentialAction\":[{\"@type\":\"ReadAction\",\"target\":[\"https:\\\/\\\/lalaboralaula.es\\\/GV042526\\\/index.php\\\/producto\\\/trazos-del-alma-en-acuarela\\\/\"]}]},{\"@type\":\"ImageObject\",\"inLanguage\":\"es\",\"@id\":\"https:\\\/\\\/lalaboralaula.es\\\/GV042526\\\/index.php\\\/producto\\\/trazos-del-alma-en-acuarela\\\/#primaryimage\",\"url\":\"https:\\\/\\\/lalaboralaula.es\\\/GV042526\\\/wp-content\\\/uploads\\\/2025\\\/11\\\/image-5.png\",\"contentUrl\":\"https:\\\/\\\/lalaboralaula.es\\\/GV042526\\\/wp-content\\\/uploads\\\/2025\\\/11\\\/image-5.png\",\"width\":505,\"height\":500,\"caption\":\"libro diario\"},{\"@type\":\"BreadcrumbList\",\"@id\":\"https:\\\/\\\/lalaboralaula.es\\\/GV042526\\\/index.php\\\/producto\\\/trazos-del-alma-en-acuarela\\\/#breadcrumb\",\"itemListElement\":[{\"@type\":\"ListItem\",\"position\":1,\"name\":\"Portada\",\"item\":\"https:\\\/\\\/lalaboralaula.es\\\/GV042526\\\/\"},{\"@type\":\"ListItem\",\"position\":2,\"name\":\"Tienda\",\"item\":\"https:\\\/\\\/lalaboralaula.es\\\/GV042526\\\/index.php\\\/tienda\\\/\"},{\"@type\":\"ListItem\",\"position\":3,\"name\":\"Trazos del alma en acuarela\"}]},{\"@type\":\"WebSite\",\"@id\":\"https:\\\/\\\/lalaboralaula.es\\\/GV042526\\\/#website\",\"url\":\"https:\\\/\\\/lalaboralaula.es\\\/GV042526\\\/\",\"name\":\"GLOSSIQUE\",\"description\":\"Glossique es la marca de maquillaje que une sensualidad, frescura y elegancia. Cosm\u00e9ticos de calidad, accesibles y con est\u00e9tica pastel que realzan tu belleza aut\u00e9ntica. Brilla, seduce y cuida tu piel con productos creados para transformar tu d\u00eda a d\u00eda en un ritual de amor propio.\",\"publisher\":{\"@id\":\"https:\\\/\\\/lalaboralaula.es\\\/GV042526\\\/#organization\"},\"potentialAction\":[{\"@type\":\"SearchAction\",\"target\":{\"@type\":\"EntryPoint\",\"urlTemplate\":\"https:\\\/\\\/lalaboralaula.es\\\/GV042526\\\/?s={search_term_string}\"},\"query-input\":{\"@type\":\"PropertyValueSpecification\",\"valueRequired\":true,\"valueName\":\"search_term_string\"}}],\"inLanguage\":\"es\"},{\"@type\":\"Organization\",\"@id\":\"https:\\\/\\\/lalaboralaula.es\\\/GV042526\\\/#organization\",\"name\":\"GLOSSIQUE\",\"url\":\"https:\\\/\\\/lalaboralaula.es\\\/GV042526\\\/\",\"logo\":{\"@type\":\"ImageObject\",\"inLanguage\":\"es\",\"@id\":\"https:\\\/\\\/lalaboralaula.es\\\/GV042526\\\/#\\\/schema\\\/logo\\\/image\\\/\",\"url\":\"https:\\\/\\\/lalaboralaula.es\\\/GV042526\\\/wp-content\\\/uploads\\\/2025\\\/10\\\/cropped-cropped-logo2-1.png\",\"contentUrl\":\"https:\\\/\\\/lalaboralaula.es\\\/GV042526\\\/wp-content\\\/uploads\\\/2025\\\/10\\\/cropped-cropped-logo2-1.png\",\"width\":479,\"height\":307,\"caption\":\"GLOSSIQUE \"},\"image\":{\"@id\":\"https:\\\/\\\/lalaboralaula.es\\\/GV042526\\\/#\\\/schema\\\/logo\\\/image\\\/\"}}]}<\/script>\n<!-- \/ Yoast SEO plugin. -->","yoast_head_json":{"title":"Trazos del alma en acuarela - GLOSSIQUE","description":"Diario perfecto para tu d\u00eda a d\u00eda que te ayude a conectar contigo misma y conocerte con GLOSSIQUE en la ayuda de tu aumento en autoestima y amor propio.","robots":{"index":"index","follow":"follow","max-snippet":"max-snippet:-1","max-image-preview":"max-image-preview:large","max-video-preview":"max-video-preview:-1"},"canonical":"https:\/\/lalaboralaula.es\/GV042526\/index.php\/producto\/trazos-del-alma-en-acuarela\/","og_locale":"es_ES","og_type":"article","og_title":"Trazos del alma en acuarela - GLOSSIQUE","og_description":"Diario perfecto para tu d\u00eda a d\u00eda que te ayude a conectar contigo misma y conocerte con GLOSSIQUE en la ayuda de tu aumento en autoestima y amor propio.","og_url":"https:\/\/lalaboralaula.es\/GV042526\/index.php\/producto\/trazos-del-alma-en-acuarela\/","og_site_name":"GLOSSIQUE","article_modified_time":"2026-01-27T19:12:05+00:00","og_image":[{"width":505,"height":500,"url":"https:\/\/lalaboralaula.es\/GV042526\/wp-content\/uploads\/2025\/11\/image-5.png","type":"image\/png"}],"twitter_card":"summary_large_image","twitter_misc":{"Tiempo de lectura":"1 minuto"},"schema":{"@context":"https:\/\/schema.org","@graph":[{"@type":"WebPage","@id":"https:\/\/lalaboralaula.es\/GV042526\/index.php\/producto\/trazos-del-alma-en-acuarela\/","url":"https:\/\/lalaboralaula.es\/GV042526\/index.php\/producto\/trazos-del-alma-en-acuarela\/","name":"Trazos del alma en acuarela - GLOSSIQUE","isPartOf":{"@id":"https:\/\/lalaboralaula.es\/GV042526\/#website"},"primaryImageOfPage":{"@id":"https:\/\/lalaboralaula.es\/GV042526\/index.php\/producto\/trazos-del-alma-en-acuarela\/#primaryimage"},"image":{"@id":"https:\/\/lalaboralaula.es\/GV042526\/index.php\/producto\/trazos-del-alma-en-acuarela\/#primaryimage"},"thumbnailUrl":"https:\/\/lalaboralaula.es\/GV042526\/wp-content\/uploads\/2025\/11\/image-5.png","datePublished":"2025-11-28T18:00:33+00:00","dateModified":"2026-01-27T19:12:05+00:00","description":"Diario perfecto para tu d\u00eda a d\u00eda que te ayude a conectar contigo misma y conocerte con GLOSSIQUE en la ayuda de tu aumento en autoestima y amor propio.","breadcrumb":{"@id":"https:\/\/lalaboralaula.es\/GV042526\/index.php\/producto\/trazos-del-alma-en-acuarela\/#breadcrumb"},"inLanguage":"es","potentialAction":[{"@type":"ReadAction","target":["https:\/\/lalaboralaula.es\/GV042526\/index.php\/producto\/trazos-del-alma-en-acuarela\/"]}]},{"@type":"ImageObject","inLanguage":"es","@id":"https:\/\/lalaboralaula.es\/GV042526\/index.php\/producto\/trazos-del-alma-en-acuarela\/#primaryimage","url":"https:\/\/lalaboralaula.es\/GV042526\/wp-content\/uploads\/2025\/11\/image-5.png","contentUrl":"https:\/\/lalaboralaula.es\/GV042526\/wp-content\/uploads\/2025\/11\/image-5.png","width":505,"height":500,"caption":"libro diario"},{"@type":"BreadcrumbList","@id":"https:\/\/lalaboralaula.es\/GV042526\/index.php\/producto\/trazos-del-alma-en-acuarela\/#breadcrumb","itemListElement":[{"@type":"ListItem","position":1,"name":"Portada","item":"https:\/\/lalaboralaula.es\/GV042526\/"},{"@type":"ListItem","position":2,"name":"Tienda","item":"https:\/\/lalaboralaula.es\/GV042526\/index.php\/tienda\/"},{"@type":"ListItem","position":3,"name":"Trazos del alma en acuarela"}]},{"@type":"WebSite","@id":"https:\/\/lalaboralaula.es\/GV042526\/#website","url":"https:\/\/lalaboralaula.es\/GV042526\/","name":"GLOSSIQUE","description":"Glossique es la marca de maquillaje que une sensualidad, frescura y elegancia. Cosm\u00e9ticos de calidad, accesibles y con est\u00e9tica pastel que realzan tu belleza aut\u00e9ntica. Brilla, seduce y cuida tu piel con productos creados para transformar tu d\u00eda a d\u00eda en un ritual de amor propio.","publisher":{"@id":"https:\/\/lalaboralaula.es\/GV042526\/#organization"},"potentialAction":[{"@type":"SearchAction","target":{"@type":"EntryPoint","urlTemplate":"https:\/\/lalaboralaula.es\/GV042526\/?s={search_term_string}"},"query-input":{"@type":"PropertyValueSpecification","valueRequired":true,"valueName":"search_term_string"}}],"inLanguage":"es"},{"@type":"Organization","@id":"https:\/\/lalaboralaula.es\/GV042526\/#organization","name":"GLOSSIQUE","url":"https:\/\/lalaboralaula.es\/GV042526\/","logo":{"@type":"ImageObject","inLanguage":"es","@id":"https:\/\/lalaboralaula.es\/GV042526\/#\/schema\/logo\/image\/","url":"https:\/\/lalaboralaula.es\/GV042526\/wp-content\/uploads\/2025\/10\/cropped-cropped-logo2-1.png","contentUrl":"https:\/\/lalaboralaula.es\/GV042526\/wp-content\/uploads\/2025\/10\/cropped-cropped-logo2-1.png","width":479,"height":307,"caption":"GLOSSIQUE "},"image":{"@id":"https:\/\/lalaboralaula.es\/GV042526\/#\/schema\/logo\/image\/"}}]}},"_links":{"self":[{"href":"https:\/\/lalaboralaula.es\/GV042526\/index.php\/wp-json\/wp\/v2\/product\/324","targetHints":{"allow":["GET"]}}],"collection":[{"href":"https:\/\/lalaboralaula.es\/GV042526\/index.php\/wp-json\/wp\/v2\/product"}],"about":[{"href":"https:\/\/lalaboralaula.es\/GV042526\/index.php\/wp-json\/wp\/v2\/types\/product"}],"replies":[{"embeddable":true,"href":"https:\/\/lalaboralaula.es\/GV042526\/index.php\/wp-json\/wp\/v2\/comments?post=324"}],"wp:featuredmedia":[{"embeddable":true,"href":"https:\/\/lalaboralaula.es\/GV042526\/index.php\/wp-json\/wp\/v2\/media\/311"}],"wp:attachment":[{"href":"https:\/\/lalaboralaula.es\/GV042526\/index.php\/wp-json\/wp\/v2\/media?parent=324"}],"wp:term":[{"taxonomy":"product_brand","embeddable":true,"href":"https:\/\/lalaboralaula.es\/GV042526\/index.php\/wp-json\/wp\/v2\/product_brand?post=324"},{"taxonomy":"product_cat","embeddable":true,"href":"https:\/\/lalaboralaula.es\/GV042526\/index.php\/wp-json\/wp\/v2\/product_cat?post=324"},{"taxonomy":"product_tag","embeddable":true,"href":"https:\/\/lalaboralaula.es\/GV042526\/index.php\/wp-json\/wp\/v2\/product_tag?post=324"}],"curies":[{"name":"wp","href":"https:\/\/api.w.org\/{rel}","templated":true}]}}