{"id":322,"date":"2026-01-27T19:18:28","date_gmt":"2026-01-27T19:18:28","guid":{"rendered":"https:\/\/lalaboralaula.es\/GV042526\/?post_type=product&#038;p=322"},"modified":"2026-01-27T19:18:28","modified_gmt":"2026-01-27T19:18:28","slug":"estuche-de-acuarelas-trazos-del-alma-en-acuarela","status":"publish","type":"product","link":"https:\/\/lalaboralaula.es\/GV042526\/index.php\/producto\/estuche-de-acuarelas-trazos-del-alma-en-acuarela\/","title":{"rendered":"Estuche de Acuarelas Trazos del Alma en Acuarela"},"content":{"rendered":"<p>Estuche de Acuarelas Trazos del Alma en Acuarela, es un producto que estamos lanzando para acompa\u00f1ar nuestro querido Bullet Journal \u00abTrazos del Alma en Acuarela\u00bb. Es un estuche que puedes elegir si quieres los pinceles por separado de las acuarelas. Lo ideal ser\u00eda el completo en el que vendr\u00edan nuestras 24 diferentes acuarelas de colores \u00abTrazos del\u00a0 alma\u00bb y sus respectivos 23 pinceles Trazos del Alma. Complemento ideal para empezar a dise\u00f1ar en tu Bullet Journal todas tus ideas, emociones y sentimientos. Desde lo m\u00e1s profundo de ti, con cada pincelada, con el color que tu deseas, que te hace vibrar y sentir. Hasta el papel del diario de Glossique, despierta todas tus emociones con este acto. Conoce todo de ti, expulsando tu imaginaci\u00f3n en un papel con las acuarelas y pinceles del\u00a0 Estuche de Acuarelas Trazos del Alma en Acuarela. Con este producto nuevo te ayudo\u00a0 a conocerte m\u00e1s y as\u00ed aumentar tu amor propio. Siempre con Glossique, siempre tuya.<\/p>\n","protected":false},"excerpt":{"rendered":"<p>Estuche de Acuarelas Trazos del Alma en Acuarela, lo \u00fanico que necesitas es este estuche en el que puedes elegir si comprar las 24 acuarelas de colores + sus 23 pinceles, o por separado.<\/p>\n","protected":false},"featured_media":0,"comment_status":"open","ping_status":"closed","template":"","meta":[],"product_brand":[],"product_cat":[17],"product_tag":[],"class_list":{"0":"post-322","1":"product","2":"type-product","3":"status-publish","5":"product_cat-sin-categorizar","7":"first","8":"instock","9":"taxable","10":"shipping-taxable","11":"product-type-simple"},"yoast_head":"<!-- This site is optimized with the Yoast SEO plugin v27.4 - https:\/\/yoast.com\/product\/yoast-seo-wordpress\/ -->\n<title>Estuche de Acuarelas Trazos del Alma en Acuarela - GLOSSIQUE<\/title>\n<meta name=\"description\" content=\"Estuche de Acuarelas Trazos del Alma en Acuarela, todo lo que necesitas para completar tu diario, con tu esencia y la de GLOSSIQUE.\" \/>\n<meta name=\"robots\" content=\"index, follow, max-snippet:-1, max-image-preview:large, max-video-preview:-1\" \/>\n<link rel=\"canonical\" href=\"https:\/\/lalaboralaula.es\/GV042526\/index.php\/producto\/estuche-de-acuarelas-trazos-del-alma-en-acuarela\/\" \/>\n<meta property=\"og:locale\" content=\"es_ES\" \/>\n<meta property=\"og:type\" content=\"article\" \/>\n<meta property=\"og:title\" content=\"Estuche de Acuarelas Trazos del Alma en Acuarela - GLOSSIQUE\" \/>\n<meta property=\"og:description\" content=\"Estuche de Acuarelas Trazos del Alma en Acuarela, todo lo que necesitas para completar tu diario, con tu esencia y la de GLOSSIQUE.\" \/>\n<meta property=\"og:url\" content=\"https:\/\/lalaboralaula.es\/GV042526\/index.php\/producto\/estuche-de-acuarelas-trazos-del-alma-en-acuarela\/\" \/>\n<meta property=\"og:site_name\" content=\"GLOSSIQUE\" \/>\n<meta name=\"twitter:card\" content=\"summary_large_image\" \/>\n<meta name=\"twitter:label1\" content=\"Tiempo de lectura\" \/>\n\t<meta name=\"twitter:data1\" content=\"1 minuto\" \/>\n<script type=\"application\/ld+json\" class=\"yoast-schema-graph\">{\"@context\":\"https:\\\/\\\/schema.org\",\"@graph\":[{\"@type\":\"WebPage\",\"@id\":\"https:\\\/\\\/lalaboralaula.es\\\/GV042526\\\/index.php\\\/producto\\\/estuche-de-acuarelas-trazos-del-alma-en-acuarela\\\/\",\"url\":\"https:\\\/\\\/lalaboralaula.es\\\/GV042526\\\/index.php\\\/producto\\\/estuche-de-acuarelas-trazos-del-alma-en-acuarela\\\/\",\"name\":\"Estuche de Acuarelas Trazos del Alma en Acuarela - GLOSSIQUE\",\"isPartOf\":{\"@id\":\"https:\\\/\\\/lalaboralaula.es\\\/GV042526\\\/#website\"},\"datePublished\":\"2026-01-27T19:18:28+00:00\",\"description\":\"Estuche de Acuarelas Trazos del Alma en Acuarela, todo lo que necesitas para completar tu diario, con tu esencia y la de GLOSSIQUE.\",\"breadcrumb\":{\"@id\":\"https:\\\/\\\/lalaboralaula.es\\\/GV042526\\\/index.php\\\/producto\\\/estuche-de-acuarelas-trazos-del-alma-en-acuarela\\\/#breadcrumb\"},\"inLanguage\":\"es\",\"potentialAction\":[{\"@type\":\"ReadAction\",\"target\":[\"https:\\\/\\\/lalaboralaula.es\\\/GV042526\\\/index.php\\\/producto\\\/estuche-de-acuarelas-trazos-del-alma-en-acuarela\\\/\"]}]},{\"@type\":\"BreadcrumbList\",\"@id\":\"https:\\\/\\\/lalaboralaula.es\\\/GV042526\\\/index.php\\\/producto\\\/estuche-de-acuarelas-trazos-del-alma-en-acuarela\\\/#breadcrumb\",\"itemListElement\":[{\"@type\":\"ListItem\",\"position\":1,\"name\":\"Portada\",\"item\":\"https:\\\/\\\/lalaboralaula.es\\\/GV042526\\\/\"},{\"@type\":\"ListItem\",\"position\":2,\"name\":\"Tienda\",\"item\":\"https:\\\/\\\/lalaboralaula.es\\\/GV042526\\\/index.php\\\/tienda\\\/\"},{\"@type\":\"ListItem\",\"position\":3,\"name\":\"Estuche de Acuarelas Trazos del Alma en Acuarela\"}]},{\"@type\":\"WebSite\",\"@id\":\"https:\\\/\\\/lalaboralaula.es\\\/GV042526\\\/#website\",\"url\":\"https:\\\/\\\/lalaboralaula.es\\\/GV042526\\\/\",\"name\":\"GLOSSIQUE\",\"description\":\"Glossique es la marca de maquillaje que une sensualidad, frescura y elegancia. Cosm\u00e9ticos de calidad, accesibles y con est\u00e9tica pastel que realzan tu belleza aut\u00e9ntica. Brilla, seduce y cuida tu piel con productos creados para transformar tu d\u00eda a d\u00eda en un ritual de amor propio.\",\"publisher\":{\"@id\":\"https:\\\/\\\/lalaboralaula.es\\\/GV042526\\\/#organization\"},\"potentialAction\":[{\"@type\":\"SearchAction\",\"target\":{\"@type\":\"EntryPoint\",\"urlTemplate\":\"https:\\\/\\\/lalaboralaula.es\\\/GV042526\\\/?s={search_term_string}\"},\"query-input\":{\"@type\":\"PropertyValueSpecification\",\"valueRequired\":true,\"valueName\":\"search_term_string\"}}],\"inLanguage\":\"es\"},{\"@type\":\"Organization\",\"@id\":\"https:\\\/\\\/lalaboralaula.es\\\/GV042526\\\/#organization\",\"name\":\"GLOSSIQUE\",\"url\":\"https:\\\/\\\/lalaboralaula.es\\\/GV042526\\\/\",\"logo\":{\"@type\":\"ImageObject\",\"inLanguage\":\"es\",\"@id\":\"https:\\\/\\\/lalaboralaula.es\\\/GV042526\\\/#\\\/schema\\\/logo\\\/image\\\/\",\"url\":\"https:\\\/\\\/lalaboralaula.es\\\/GV042526\\\/wp-content\\\/uploads\\\/2025\\\/10\\\/cropped-cropped-logo2-1.png\",\"contentUrl\":\"https:\\\/\\\/lalaboralaula.es\\\/GV042526\\\/wp-content\\\/uploads\\\/2025\\\/10\\\/cropped-cropped-logo2-1.png\",\"width\":479,\"height\":307,\"caption\":\"GLOSSIQUE \"},\"image\":{\"@id\":\"https:\\\/\\\/lalaboralaula.es\\\/GV042526\\\/#\\\/schema\\\/logo\\\/image\\\/\"}}]}<\/script>\n<!-- \/ Yoast SEO plugin. -->","yoast_head_json":{"title":"Estuche de Acuarelas Trazos del Alma en Acuarela - GLOSSIQUE","description":"Estuche de Acuarelas Trazos del Alma en Acuarela, todo lo que necesitas para completar tu diario, con tu esencia y la de GLOSSIQUE.","robots":{"index":"index","follow":"follow","max-snippet":"max-snippet:-1","max-image-preview":"max-image-preview:large","max-video-preview":"max-video-preview:-1"},"canonical":"https:\/\/lalaboralaula.es\/GV042526\/index.php\/producto\/estuche-de-acuarelas-trazos-del-alma-en-acuarela\/","og_locale":"es_ES","og_type":"article","og_title":"Estuche de Acuarelas Trazos del Alma en Acuarela - GLOSSIQUE","og_description":"Estuche de Acuarelas Trazos del Alma en Acuarela, todo lo que necesitas para completar tu diario, con tu esencia y la de GLOSSIQUE.","og_url":"https:\/\/lalaboralaula.es\/GV042526\/index.php\/producto\/estuche-de-acuarelas-trazos-del-alma-en-acuarela\/","og_site_name":"GLOSSIQUE","twitter_card":"summary_large_image","twitter_misc":{"Tiempo de lectura":"1 minuto"},"schema":{"@context":"https:\/\/schema.org","@graph":[{"@type":"WebPage","@id":"https:\/\/lalaboralaula.es\/GV042526\/index.php\/producto\/estuche-de-acuarelas-trazos-del-alma-en-acuarela\/","url":"https:\/\/lalaboralaula.es\/GV042526\/index.php\/producto\/estuche-de-acuarelas-trazos-del-alma-en-acuarela\/","name":"Estuche de Acuarelas Trazos del Alma en Acuarela - GLOSSIQUE","isPartOf":{"@id":"https:\/\/lalaboralaula.es\/GV042526\/#website"},"datePublished":"2026-01-27T19:18:28+00:00","description":"Estuche de Acuarelas Trazos del Alma en Acuarela, todo lo que necesitas para completar tu diario, con tu esencia y la de GLOSSIQUE.","breadcrumb":{"@id":"https:\/\/lalaboralaula.es\/GV042526\/index.php\/producto\/estuche-de-acuarelas-trazos-del-alma-en-acuarela\/#breadcrumb"},"inLanguage":"es","potentialAction":[{"@type":"ReadAction","target":["https:\/\/lalaboralaula.es\/GV042526\/index.php\/producto\/estuche-de-acuarelas-trazos-del-alma-en-acuarela\/"]}]},{"@type":"BreadcrumbList","@id":"https:\/\/lalaboralaula.es\/GV042526\/index.php\/producto\/estuche-de-acuarelas-trazos-del-alma-en-acuarela\/#breadcrumb","itemListElement":[{"@type":"ListItem","position":1,"name":"Portada","item":"https:\/\/lalaboralaula.es\/GV042526\/"},{"@type":"ListItem","position":2,"name":"Tienda","item":"https:\/\/lalaboralaula.es\/GV042526\/index.php\/tienda\/"},{"@type":"ListItem","position":3,"name":"Estuche de Acuarelas Trazos del Alma en Acuarela"}]},{"@type":"WebSite","@id":"https:\/\/lalaboralaula.es\/GV042526\/#website","url":"https:\/\/lalaboralaula.es\/GV042526\/","name":"GLOSSIQUE","description":"Glossique es la marca de maquillaje que une sensualidad, frescura y elegancia. Cosm\u00e9ticos de calidad, accesibles y con est\u00e9tica pastel que realzan tu belleza aut\u00e9ntica. Brilla, seduce y cuida tu piel con productos creados para transformar tu d\u00eda a d\u00eda en un ritual de amor propio.","publisher":{"@id":"https:\/\/lalaboralaula.es\/GV042526\/#organization"},"potentialAction":[{"@type":"SearchAction","target":{"@type":"EntryPoint","urlTemplate":"https:\/\/lalaboralaula.es\/GV042526\/?s={search_term_string}"},"query-input":{"@type":"PropertyValueSpecification","valueRequired":true,"valueName":"search_term_string"}}],"inLanguage":"es"},{"@type":"Organization","@id":"https:\/\/lalaboralaula.es\/GV042526\/#organization","name":"GLOSSIQUE","url":"https:\/\/lalaboralaula.es\/GV042526\/","logo":{"@type":"ImageObject","inLanguage":"es","@id":"https:\/\/lalaboralaula.es\/GV042526\/#\/schema\/logo\/image\/","url":"https:\/\/lalaboralaula.es\/GV042526\/wp-content\/uploads\/2025\/10\/cropped-cropped-logo2-1.png","contentUrl":"https:\/\/lalaboralaula.es\/GV042526\/wp-content\/uploads\/2025\/10\/cropped-cropped-logo2-1.png","width":479,"height":307,"caption":"GLOSSIQUE "},"image":{"@id":"https:\/\/lalaboralaula.es\/GV042526\/#\/schema\/logo\/image\/"}}]}},"_links":{"self":[{"href":"https:\/\/lalaboralaula.es\/GV042526\/index.php\/wp-json\/wp\/v2\/product\/322","targetHints":{"allow":["GET"]}}],"collection":[{"href":"https:\/\/lalaboralaula.es\/GV042526\/index.php\/wp-json\/wp\/v2\/product"}],"about":[{"href":"https:\/\/lalaboralaula.es\/GV042526\/index.php\/wp-json\/wp\/v2\/types\/product"}],"replies":[{"embeddable":true,"href":"https:\/\/lalaboralaula.es\/GV042526\/index.php\/wp-json\/wp\/v2\/comments?post=322"}],"wp:attachment":[{"href":"https:\/\/lalaboralaula.es\/GV042526\/index.php\/wp-json\/wp\/v2\/media?parent=322"}],"wp:term":[{"taxonomy":"product_brand","embeddable":true,"href":"https:\/\/lalaboralaula.es\/GV042526\/index.php\/wp-json\/wp\/v2\/product_brand?post=322"},{"taxonomy":"product_cat","embeddable":true,"href":"https:\/\/lalaboralaula.es\/GV042526\/index.php\/wp-json\/wp\/v2\/product_cat?post=322"},{"taxonomy":"product_tag","embeddable":true,"href":"https:\/\/lalaboralaula.es\/GV042526\/index.php\/wp-json\/wp\/v2\/product_tag?post=322"}],"curies":[{"name":"wp","href":"https:\/\/api.w.org\/{rel}","templated":true}]}}