{"id":146,"date":"2025-11-07T16:44:09","date_gmt":"2025-11-07T16:44:09","guid":{"rendered":"https:\/\/lalaboralaula.es\/GV042526\/?post_type=product&#038;p=146"},"modified":"2026-01-27T19:20:07","modified_gmt":"2026-01-27T19:20:07","slug":"kit-singles-day","status":"publish","type":"product","link":"https:\/\/lalaboralaula.es\/GV042526\/index.php\/producto\/kit-singles-day\/","title":{"rendered":"Kit Singles Day"},"content":{"rendered":"<p>Kit Singles Day \u2013 Brilla por ti.<\/p>\n<p data-start=\"517\" data-end=\"750\">Este 11.11, Glossique celebra el amor m\u00e1s importante: el tuyo.<br data-start=\"579\" data-end=\"582\" \/>Nuestro <em data-start=\"590\" data-end=\"607\">Singles Day Kit<\/em> combina <strong data-start=\"616\" data-end=\"637\">2 Blush y 1 Gloss<\/strong> en tonos suaves y luminosos que despiertan tu frescura natural y realzan tu sensualidad con un toque elegante.<\/p>\n<p data-start=\"752\" data-end=\"936\">Cada textura acaricia tu piel como un gesto de cari\u00f1o. Cada color resalta tu brillo aut\u00e9ntico.<br data-start=\"846\" data-end=\"849\" \/>Porque mereces sentirte especial, incluso \u2014y sobre todo\u2014 cuando brillas por ti misma.<\/p>\n<p data-start=\"938\" data-end=\"955\"><strong data-start=\"941\" data-end=\"953\">Incluye:<\/strong><\/p>\n<ul data-start=\"956\" data-end=\"1060\">\n<li data-start=\"956\" data-end=\"1016\">\n<p data-start=\"958\" data-end=\"1016\">2 Blush Glossique con acabado satinado y textura sedosa.<\/p>\n<\/li>\n<li data-start=\"1017\" data-end=\"1060\">\n<p data-start=\"1019\" data-end=\"1060\">1 Gloss hidratante de alta luminosidad.<strong data-start=\"1065\" data-end=\"1080\">Beneficios:<\/strong><\/p>\n<\/li>\n<\/ul>\n<p data-start=\"1062\" data-end=\"1247\">\u00a0Texturas ligeras, hipoalerg\u00e9nicas y de larga duraci\u00f3n.<br data-start=\"1139\" data-end=\"1142\" \/>\u00a0Acabado natural, elegante y radiante.<br data-start=\"1181\" data-end=\"1184\" \/>\u00a0Perfecto para regalarte un ritual de belleza y amor propio.<\/p>\n<p data-start=\"1249\" data-end=\"1355\"><strong data-start=\"1252\" data-end=\"1276\">Promoci\u00f3n exclusiva:<\/strong> 11 % de descuento solo el 11\/11.<br data-start=\"1309\" data-end=\"1312\" \/><em data-start=\"1314\" data-end=\"1355\">Glossique \u2013 Belleza que seduce y cuida.<\/em><\/p>\n","protected":false},"excerpt":{"rendered":"<p><strong data-start=\"1429\" data-end=\"1451\">Singles Day Kit\u00a0<\/strong><br data-start=\"1451\" data-end=\"1454\" \/>Celebra tu brillo con 2 Blush y 1 Gloss Glossique. Texturas suaves, tonos delicados y un acabado luminoso que enamora.<br data-start=\"1572\" data-end=\"1575\" \/>Solo por el 11\/11: <strong data-start=\"1594\" data-end=\"1615\">11 % de descuento<\/strong>.<br data-start=\"1616\" data-end=\"1619\" \/><em data-start=\"1621\" data-end=\"1664\">Porque el amor propio tambi\u00e9n se celebra.<\/em><\/p>\n","protected":false},"featured_media":148,"comment_status":"open","ping_status":"closed","template":"","meta":[],"product_brand":[],"product_cat":[40,41],"product_tag":[],"class_list":{"0":"post-146","1":"product","2":"type-product","3":"status-publish","4":"has-post-thumbnail","6":"product_cat-kit","7":"product_cat-kit-singles-day","9":"first","10":"instock","11":"taxable","12":"shipping-taxable","13":"product-type-grouped"},"yoast_head":"<!-- This site is optimized with the Yoast SEO plugin v27.4 - https:\/\/yoast.com\/product\/yoast-seo-wordpress\/ -->\n<title>Kit Singles Day - GLOSSIQUE<\/title>\n<meta name=\"description\" content=\"Singles Day Kit. Celebra tu brillo con 2 Blush y 1 Gloss Glossique. CUP\u00d3N V\u00c1LIDO HASTA EL 11 DEL 11, CON UN 11% descuento.\" \/>\n<meta name=\"robots\" content=\"index, follow, max-snippet:-1, max-image-preview:large, max-video-preview:-1\" \/>\n<link rel=\"canonical\" href=\"https:\/\/lalaboralaula.es\/GV042526\/index.php\/producto\/kit-singles-day\/\" \/>\n<meta property=\"og:locale\" content=\"es_ES\" \/>\n<meta property=\"og:type\" content=\"article\" \/>\n<meta property=\"og:title\" content=\"Kit Singles Day - GLOSSIQUE\" \/>\n<meta property=\"og:description\" content=\"Singles Day Kit. Celebra tu brillo con 2 Blush y 1 Gloss Glossique. CUP\u00d3N V\u00c1LIDO HASTA EL 11 DEL 11, CON UN 11% descuento.\" \/>\n<meta property=\"og:url\" content=\"https:\/\/lalaboralaula.es\/GV042526\/index.php\/producto\/kit-singles-day\/\" \/>\n<meta property=\"og:site_name\" content=\"GLOSSIQUE\" \/>\n<meta property=\"article:modified_time\" content=\"2026-01-27T19:20:07+00:00\" \/>\n<meta property=\"og:image\" content=\"https:\/\/lalaboralaula.es\/GV042526\/wp-content\/uploads\/2025\/11\/Captura-de-pantalla-2025-11-07-173346.png\" \/>\n\t<meta property=\"og:image:width\" content=\"893\" \/>\n\t<meta property=\"og:image:height\" content=\"633\" \/>\n\t<meta property=\"og:image:type\" content=\"image\/png\" \/>\n<meta name=\"twitter:card\" content=\"summary_large_image\" \/>\n<meta name=\"twitter:label1\" content=\"Tiempo de lectura\" \/>\n\t<meta name=\"twitter:data1\" content=\"1 minuto\" \/>\n<script type=\"application\/ld+json\" class=\"yoast-schema-graph\">{\"@context\":\"https:\\\/\\\/schema.org\",\"@graph\":[{\"@type\":\"WebPage\",\"@id\":\"https:\\\/\\\/lalaboralaula.es\\\/GV042526\\\/index.php\\\/producto\\\/kit-singles-day\\\/\",\"url\":\"https:\\\/\\\/lalaboralaula.es\\\/GV042526\\\/index.php\\\/producto\\\/kit-singles-day\\\/\",\"name\":\"Kit Singles Day - GLOSSIQUE\",\"isPartOf\":{\"@id\":\"https:\\\/\\\/lalaboralaula.es\\\/GV042526\\\/#website\"},\"primaryImageOfPage\":{\"@id\":\"https:\\\/\\\/lalaboralaula.es\\\/GV042526\\\/index.php\\\/producto\\\/kit-singles-day\\\/#primaryimage\"},\"image\":{\"@id\":\"https:\\\/\\\/lalaboralaula.es\\\/GV042526\\\/index.php\\\/producto\\\/kit-singles-day\\\/#primaryimage\"},\"thumbnailUrl\":\"https:\\\/\\\/lalaboralaula.es\\\/GV042526\\\/wp-content\\\/uploads\\\/2025\\\/11\\\/Captura-de-pantalla-2025-11-07-173346.png\",\"datePublished\":\"2025-11-07T16:44:09+00:00\",\"dateModified\":\"2026-01-27T19:20:07+00:00\",\"description\":\"Singles Day Kit. Celebra tu brillo con 2 Blush y 1 Gloss Glossique. CUP\u00d3N V\u00c1LIDO HASTA EL 11 DEL 11, CON UN 11% descuento.\",\"breadcrumb\":{\"@id\":\"https:\\\/\\\/lalaboralaula.es\\\/GV042526\\\/index.php\\\/producto\\\/kit-singles-day\\\/#breadcrumb\"},\"inLanguage\":\"es\",\"potentialAction\":[{\"@type\":\"ReadAction\",\"target\":[\"https:\\\/\\\/lalaboralaula.es\\\/GV042526\\\/index.php\\\/producto\\\/kit-singles-day\\\/\"]}]},{\"@type\":\"ImageObject\",\"inLanguage\":\"es\",\"@id\":\"https:\\\/\\\/lalaboralaula.es\\\/GV042526\\\/index.php\\\/producto\\\/kit-singles-day\\\/#primaryimage\",\"url\":\"https:\\\/\\\/lalaboralaula.es\\\/GV042526\\\/wp-content\\\/uploads\\\/2025\\\/11\\\/Captura-de-pantalla-2025-11-07-173346.png\",\"contentUrl\":\"https:\\\/\\\/lalaboralaula.es\\\/GV042526\\\/wp-content\\\/uploads\\\/2025\\\/11\\\/Captura-de-pantalla-2025-11-07-173346.png\",\"width\":893,\"height\":633,\"caption\":\"kit singles day\"},{\"@type\":\"BreadcrumbList\",\"@id\":\"https:\\\/\\\/lalaboralaula.es\\\/GV042526\\\/index.php\\\/producto\\\/kit-singles-day\\\/#breadcrumb\",\"itemListElement\":[{\"@type\":\"ListItem\",\"position\":1,\"name\":\"Portada\",\"item\":\"https:\\\/\\\/lalaboralaula.es\\\/GV042526\\\/\"},{\"@type\":\"ListItem\",\"position\":2,\"name\":\"Tienda\",\"item\":\"https:\\\/\\\/lalaboralaula.es\\\/GV042526\\\/index.php\\\/tienda\\\/\"},{\"@type\":\"ListItem\",\"position\":3,\"name\":\"Kit Singles Day\"}]},{\"@type\":\"WebSite\",\"@id\":\"https:\\\/\\\/lalaboralaula.es\\\/GV042526\\\/#website\",\"url\":\"https:\\\/\\\/lalaboralaula.es\\\/GV042526\\\/\",\"name\":\"GLOSSIQUE\",\"description\":\"Glossique es la marca de maquillaje que une sensualidad, frescura y elegancia. Cosm\u00e9ticos de calidad, accesibles y con est\u00e9tica pastel que realzan tu belleza aut\u00e9ntica. Brilla, seduce y cuida tu piel con productos creados para transformar tu d\u00eda a d\u00eda en un ritual de amor propio.\",\"publisher\":{\"@id\":\"https:\\\/\\\/lalaboralaula.es\\\/GV042526\\\/#organization\"},\"potentialAction\":[{\"@type\":\"SearchAction\",\"target\":{\"@type\":\"EntryPoint\",\"urlTemplate\":\"https:\\\/\\\/lalaboralaula.es\\\/GV042526\\\/?s={search_term_string}\"},\"query-input\":{\"@type\":\"PropertyValueSpecification\",\"valueRequired\":true,\"valueName\":\"search_term_string\"}}],\"inLanguage\":\"es\"},{\"@type\":\"Organization\",\"@id\":\"https:\\\/\\\/lalaboralaula.es\\\/GV042526\\\/#organization\",\"name\":\"GLOSSIQUE\",\"url\":\"https:\\\/\\\/lalaboralaula.es\\\/GV042526\\\/\",\"logo\":{\"@type\":\"ImageObject\",\"inLanguage\":\"es\",\"@id\":\"https:\\\/\\\/lalaboralaula.es\\\/GV042526\\\/#\\\/schema\\\/logo\\\/image\\\/\",\"url\":\"https:\\\/\\\/lalaboralaula.es\\\/GV042526\\\/wp-content\\\/uploads\\\/2025\\\/10\\\/cropped-cropped-logo2-1.png\",\"contentUrl\":\"https:\\\/\\\/lalaboralaula.es\\\/GV042526\\\/wp-content\\\/uploads\\\/2025\\\/10\\\/cropped-cropped-logo2-1.png\",\"width\":479,\"height\":307,\"caption\":\"GLOSSIQUE \"},\"image\":{\"@id\":\"https:\\\/\\\/lalaboralaula.es\\\/GV042526\\\/#\\\/schema\\\/logo\\\/image\\\/\"}}]}<\/script>\n<!-- \/ Yoast SEO plugin. -->","yoast_head_json":{"title":"Kit Singles Day - GLOSSIQUE","description":"Singles Day Kit. Celebra tu brillo con 2 Blush y 1 Gloss Glossique. CUP\u00d3N V\u00c1LIDO HASTA EL 11 DEL 11, CON UN 11% descuento.","robots":{"index":"index","follow":"follow","max-snippet":"max-snippet:-1","max-image-preview":"max-image-preview:large","max-video-preview":"max-video-preview:-1"},"canonical":"https:\/\/lalaboralaula.es\/GV042526\/index.php\/producto\/kit-singles-day\/","og_locale":"es_ES","og_type":"article","og_title":"Kit Singles Day - GLOSSIQUE","og_description":"Singles Day Kit. Celebra tu brillo con 2 Blush y 1 Gloss Glossique. CUP\u00d3N V\u00c1LIDO HASTA EL 11 DEL 11, CON UN 11% descuento.","og_url":"https:\/\/lalaboralaula.es\/GV042526\/index.php\/producto\/kit-singles-day\/","og_site_name":"GLOSSIQUE","article_modified_time":"2026-01-27T19:20:07+00:00","og_image":[{"width":893,"height":633,"url":"https:\/\/lalaboralaula.es\/GV042526\/wp-content\/uploads\/2025\/11\/Captura-de-pantalla-2025-11-07-173346.png","type":"image\/png"}],"twitter_card":"summary_large_image","twitter_misc":{"Tiempo de lectura":"1 minuto"},"schema":{"@context":"https:\/\/schema.org","@graph":[{"@type":"WebPage","@id":"https:\/\/lalaboralaula.es\/GV042526\/index.php\/producto\/kit-singles-day\/","url":"https:\/\/lalaboralaula.es\/GV042526\/index.php\/producto\/kit-singles-day\/","name":"Kit Singles Day - GLOSSIQUE","isPartOf":{"@id":"https:\/\/lalaboralaula.es\/GV042526\/#website"},"primaryImageOfPage":{"@id":"https:\/\/lalaboralaula.es\/GV042526\/index.php\/producto\/kit-singles-day\/#primaryimage"},"image":{"@id":"https:\/\/lalaboralaula.es\/GV042526\/index.php\/producto\/kit-singles-day\/#primaryimage"},"thumbnailUrl":"https:\/\/lalaboralaula.es\/GV042526\/wp-content\/uploads\/2025\/11\/Captura-de-pantalla-2025-11-07-173346.png","datePublished":"2025-11-07T16:44:09+00:00","dateModified":"2026-01-27T19:20:07+00:00","description":"Singles Day Kit. Celebra tu brillo con 2 Blush y 1 Gloss Glossique. CUP\u00d3N V\u00c1LIDO HASTA EL 11 DEL 11, CON UN 11% descuento.","breadcrumb":{"@id":"https:\/\/lalaboralaula.es\/GV042526\/index.php\/producto\/kit-singles-day\/#breadcrumb"},"inLanguage":"es","potentialAction":[{"@type":"ReadAction","target":["https:\/\/lalaboralaula.es\/GV042526\/index.php\/producto\/kit-singles-day\/"]}]},{"@type":"ImageObject","inLanguage":"es","@id":"https:\/\/lalaboralaula.es\/GV042526\/index.php\/producto\/kit-singles-day\/#primaryimage","url":"https:\/\/lalaboralaula.es\/GV042526\/wp-content\/uploads\/2025\/11\/Captura-de-pantalla-2025-11-07-173346.png","contentUrl":"https:\/\/lalaboralaula.es\/GV042526\/wp-content\/uploads\/2025\/11\/Captura-de-pantalla-2025-11-07-173346.png","width":893,"height":633,"caption":"kit singles day"},{"@type":"BreadcrumbList","@id":"https:\/\/lalaboralaula.es\/GV042526\/index.php\/producto\/kit-singles-day\/#breadcrumb","itemListElement":[{"@type":"ListItem","position":1,"name":"Portada","item":"https:\/\/lalaboralaula.es\/GV042526\/"},{"@type":"ListItem","position":2,"name":"Tienda","item":"https:\/\/lalaboralaula.es\/GV042526\/index.php\/tienda\/"},{"@type":"ListItem","position":3,"name":"Kit Singles Day"}]},{"@type":"WebSite","@id":"https:\/\/lalaboralaula.es\/GV042526\/#website","url":"https:\/\/lalaboralaula.es\/GV042526\/","name":"GLOSSIQUE","description":"Glossique es la marca de maquillaje que une sensualidad, frescura y elegancia. Cosm\u00e9ticos de calidad, accesibles y con est\u00e9tica pastel que realzan tu belleza aut\u00e9ntica. Brilla, seduce y cuida tu piel con productos creados para transformar tu d\u00eda a d\u00eda en un ritual de amor propio.","publisher":{"@id":"https:\/\/lalaboralaula.es\/GV042526\/#organization"},"potentialAction":[{"@type":"SearchAction","target":{"@type":"EntryPoint","urlTemplate":"https:\/\/lalaboralaula.es\/GV042526\/?s={search_term_string}"},"query-input":{"@type":"PropertyValueSpecification","valueRequired":true,"valueName":"search_term_string"}}],"inLanguage":"es"},{"@type":"Organization","@id":"https:\/\/lalaboralaula.es\/GV042526\/#organization","name":"GLOSSIQUE","url":"https:\/\/lalaboralaula.es\/GV042526\/","logo":{"@type":"ImageObject","inLanguage":"es","@id":"https:\/\/lalaboralaula.es\/GV042526\/#\/schema\/logo\/image\/","url":"https:\/\/lalaboralaula.es\/GV042526\/wp-content\/uploads\/2025\/10\/cropped-cropped-logo2-1.png","contentUrl":"https:\/\/lalaboralaula.es\/GV042526\/wp-content\/uploads\/2025\/10\/cropped-cropped-logo2-1.png","width":479,"height":307,"caption":"GLOSSIQUE "},"image":{"@id":"https:\/\/lalaboralaula.es\/GV042526\/#\/schema\/logo\/image\/"}}]}},"_links":{"self":[{"href":"https:\/\/lalaboralaula.es\/GV042526\/index.php\/wp-json\/wp\/v2\/product\/146","targetHints":{"allow":["GET"]}}],"collection":[{"href":"https:\/\/lalaboralaula.es\/GV042526\/index.php\/wp-json\/wp\/v2\/product"}],"about":[{"href":"https:\/\/lalaboralaula.es\/GV042526\/index.php\/wp-json\/wp\/v2\/types\/product"}],"replies":[{"embeddable":true,"href":"https:\/\/lalaboralaula.es\/GV042526\/index.php\/wp-json\/wp\/v2\/comments?post=146"}],"wp:featuredmedia":[{"embeddable":true,"href":"https:\/\/lalaboralaula.es\/GV042526\/index.php\/wp-json\/wp\/v2\/media\/148"}],"wp:attachment":[{"href":"https:\/\/lalaboralaula.es\/GV042526\/index.php\/wp-json\/wp\/v2\/media?parent=146"}],"wp:term":[{"taxonomy":"product_brand","embeddable":true,"href":"https:\/\/lalaboralaula.es\/GV042526\/index.php\/wp-json\/wp\/v2\/product_brand?post=146"},{"taxonomy":"product_cat","embeddable":true,"href":"https:\/\/lalaboralaula.es\/GV042526\/index.php\/wp-json\/wp\/v2\/product_cat?post=146"},{"taxonomy":"product_tag","embeddable":true,"href":"https:\/\/lalaboralaula.es\/GV042526\/index.php\/wp-json\/wp\/v2\/product_tag?post=146"}],"curies":[{"name":"wp","href":"https:\/\/api.w.org\/{rel}","templated":true}]}}