{"id":127,"date":"2025-10-31T17:38:22","date_gmt":"2025-10-31T17:38:22","guid":{"rendered":"https:\/\/lalaboralaula.es\/GV042526\/?post_type=product&#038;p=127"},"modified":"2026-01-27T19:20:29","modified_gmt":"2026-01-27T19:20:29","slug":"amore-blush","status":"publish","type":"product","link":"https:\/\/lalaboralaula.es\/GV042526\/index.php\/producto\/amore-blush\/","title":{"rendered":"Amore Blush"},"content":{"rendered":"<p>Amore Blush \u2013 Rubor en gelatina con acabado natural y luminoso<\/p>\n<p data-start=\"577\" data-end=\"831\"><strong data-start=\"577\" data-end=\"592\">Amore Blush<\/strong> de <strong data-start=\"596\" data-end=\"609\">Glossique<\/strong> es una experiencia sensorial en cada toque .<br data-start=\"656\" data-end=\"659\" \/>Su innovadora <strong data-start=\"673\" data-end=\"696\">textura en gelatina<\/strong> aporta un acabado fresco, ligero y natural, fusion\u00e1ndose con tu piel para lograr un efecto saludable y luminoso sin sensaci\u00f3n grasa.<\/p>\n<p data-start=\"833\" data-end=\"1072\">Este blush combina color, cuidado e hidrataci\u00f3n en un solo gesto. Su f\u00f3rmula <em data-start=\"910\" data-end=\"924\">cruelty free<\/em>, <strong data-start=\"926\" data-end=\"936\">vegana<\/strong> y elaborada con <strong data-start=\"953\" data-end=\"991\">ingredientes sanos de alta calidad<\/strong>, deja una sensaci\u00f3n suave y flexible, perfecta para pieles sensibles o mixtas.<\/p>\n<p data-start=\"833\" data-end=\"1072\">\u00a0La textura gelatina se transforma al contacto con la piel, liberando pigmentos modulables que se difuminan f\u00e1cilmente con los dedos o una brocha. Ideal para quienes buscan un rubor natural, jugoso y duradero.<\/p>\n<p data-start=\"1288\" data-end=\"1404\"><strong data-start=\"1291\" data-end=\"1306\">Amore Blush<\/strong> es el toque final perfecto para realzar tu belleza aut\u00e9ntica con ternura, elegancia y frescura.<\/p>\n<hr data-start=\"1406\" data-end=\"1409\" \/>\n<h3 data-start=\"1411\" data-end=\"1432\"><strong data-start=\"1418\" data-end=\"1432\">Beneficios<\/strong><\/h3>\n<ul data-start=\"1434\" data-end=\"1725\">\n<li data-start=\"1434\" data-end=\"1496\">\n<p data-start=\"1436\" data-end=\"1496\">Textura en gelatina: ligera, fresca y de r\u00e1pida absorci\u00f3n.<\/p>\n<\/li>\n<li data-start=\"1497\" data-end=\"1526\">\n<p data-start=\"1499\" data-end=\"1526\">Acabado natural y jugoso.<\/p>\n<\/li>\n<li data-start=\"1527\" data-end=\"1590\">\n<p data-start=\"1529\" data-end=\"1590\">Pigmentaci\u00f3n modulable: del toque sutil al efecto radiante.<\/p>\n<\/li>\n<li data-start=\"1591\" data-end=\"1632\">\n<p data-start=\"1593\" data-end=\"1632\">Hidrata sin dejar residuos pegajosos.<\/p>\n<\/li>\n<li data-start=\"1633\" data-end=\"1669\">\n<p data-start=\"1635\" data-end=\"1669\">F\u00f3rmula <em data-start=\"1643\" data-end=\"1657\">cruelty free<\/em> y vegana.<\/p>\n<\/li>\n<li data-start=\"1670\" data-end=\"1725\">\n<p data-start=\"1672\" data-end=\"1725\">Apta para todo tipo de piel, incluso las sensibles.<\/p>\n<\/li>\n<\/ul>\n<hr data-start=\"1727\" data-end=\"1730\" \/>\n<h3 data-start=\"1732\" data-end=\"1766\"><strong data-start=\"1739\" data-end=\"1766\">Variaciones disponibles<\/strong><\/h3>\n<ol data-start=\"1768\" data-end=\"1963\">\n<li data-start=\"1768\" data-end=\"1866\">\n<p data-start=\"1771\" data-end=\"1866\"><strong data-start=\"1771\" data-end=\"1785\">Rosy Amore<\/strong>\u00a0 \u2013 Rosa rom\u00e1ntico, suave y elegante, ideal para un efecto sonrojado natural.<\/p>\n<\/li>\n<li data-start=\"1867\" data-end=\"1963\">\n<p data-start=\"1870\" data-end=\"1963\"><strong data-start=\"1870\" data-end=\"1885\">Peach Amore<\/strong>\u00a0 \u2013 Melocot\u00f3n luminoso y c\u00e1lido, perfecto para una piel radiante y fresca.<\/p>\n<\/li>\n<\/ol>\n","protected":false},"excerpt":{"rendered":"<p>Rubor en <strong data-start=\"2030\" data-end=\"2053\">gelatina hidratante<\/strong>, <em data-start=\"2055\" data-end=\"2069\">cruelty free<\/em> y vegano. Aporta un color natural, luminoso y saludable con sensaci\u00f3n fresca al aplicar<\/p>\n","protected":false},"featured_media":143,"comment_status":"open","ping_status":"closed","template":"","meta":[],"product_brand":[],"product_cat":[21,36,35],"product_tag":[37,38,39],"class_list":{"0":"post-127","1":"product","2":"type-product","3":"status-publish","4":"has-post-thumbnail","6":"product_cat-blush","7":"product_cat-crema","8":"product_cat-gelatina","9":"product_tag-blush","10":"product_tag-colorete","11":"product_tag-rubor","13":"first","14":"instock","15":"sale","16":"taxable","17":"shipping-taxable","18":"purchasable","19":"product-type-variable"},"yoast_head":"<!-- This site is optimized with the Yoast SEO plugin v27.4 - https:\/\/yoast.com\/product\/yoast-seo-wordpress\/ -->\n<title>Amore Blush - GLOSSIQUE<\/title>\n<meta name=\"description\" content=\"Descubre el nuevo d\u00fao de blush de GLOSSIQUE: dos tonos sedosos, pigmentaci\u00f3n perfecta y un acabado natural que realza tu belleza al instante.\" \/>\n<meta name=\"robots\" content=\"index, follow, max-snippet:-1, max-image-preview:large, max-video-preview:-1\" \/>\n<link rel=\"canonical\" href=\"https:\/\/lalaboralaula.es\/GV042526\/index.php\/producto\/amore-blush\/\" \/>\n<meta property=\"og:locale\" content=\"es_ES\" \/>\n<meta property=\"og:type\" content=\"article\" \/>\n<meta property=\"og:title\" content=\"Amore Blush - GLOSSIQUE\" \/>\n<meta property=\"og:description\" content=\"Descubre el nuevo d\u00fao de blush de GLOSSIQUE: dos tonos sedosos, pigmentaci\u00f3n perfecta y un acabado natural que realza tu belleza al instante.\" \/>\n<meta property=\"og:url\" content=\"https:\/\/lalaboralaula.es\/GV042526\/index.php\/producto\/amore-blush\/\" \/>\n<meta property=\"og:site_name\" content=\"GLOSSIQUE\" \/>\n<meta property=\"article:modified_time\" content=\"2026-01-27T19:20:29+00:00\" \/>\n<meta property=\"og:image\" content=\"https:\/\/lalaboralaula.es\/GV042526\/wp-content\/uploads\/2025\/10\/2BL-removebg-preview.png\" \/>\n\t<meta property=\"og:image:width\" content=\"488\" \/>\n\t<meta property=\"og:image:height\" content=\"512\" \/>\n\t<meta property=\"og:image:type\" content=\"image\/png\" \/>\n<meta name=\"twitter:card\" content=\"summary_large_image\" \/>\n<meta name=\"twitter:label1\" content=\"Tiempo de lectura\" \/>\n\t<meta name=\"twitter:data1\" content=\"2 minutos\" \/>\n<script type=\"application\/ld+json\" class=\"yoast-schema-graph\">{\"@context\":\"https:\\\/\\\/schema.org\",\"@graph\":[{\"@type\":\"WebPage\",\"@id\":\"https:\\\/\\\/lalaboralaula.es\\\/GV042526\\\/index.php\\\/producto\\\/amore-blush\\\/\",\"url\":\"https:\\\/\\\/lalaboralaula.es\\\/GV042526\\\/index.php\\\/producto\\\/amore-blush\\\/\",\"name\":\"Amore Blush - GLOSSIQUE\",\"isPartOf\":{\"@id\":\"https:\\\/\\\/lalaboralaula.es\\\/GV042526\\\/#website\"},\"primaryImageOfPage\":{\"@id\":\"https:\\\/\\\/lalaboralaula.es\\\/GV042526\\\/index.php\\\/producto\\\/amore-blush\\\/#primaryimage\"},\"image\":{\"@id\":\"https:\\\/\\\/lalaboralaula.es\\\/GV042526\\\/index.php\\\/producto\\\/amore-blush\\\/#primaryimage\"},\"thumbnailUrl\":\"https:\\\/\\\/lalaboralaula.es\\\/GV042526\\\/wp-content\\\/uploads\\\/2025\\\/10\\\/2BL-removebg-preview.png\",\"datePublished\":\"2025-10-31T17:38:22+00:00\",\"dateModified\":\"2026-01-27T19:20:29+00:00\",\"description\":\"Descubre el nuevo d\u00fao de blush de GLOSSIQUE: dos tonos sedosos, pigmentaci\u00f3n perfecta y un acabado natural que realza tu belleza al instante.\",\"breadcrumb\":{\"@id\":\"https:\\\/\\\/lalaboralaula.es\\\/GV042526\\\/index.php\\\/producto\\\/amore-blush\\\/#breadcrumb\"},\"inLanguage\":\"es\",\"potentialAction\":[{\"@type\":\"ReadAction\",\"target\":[\"https:\\\/\\\/lalaboralaula.es\\\/GV042526\\\/index.php\\\/producto\\\/amore-blush\\\/\"]}]},{\"@type\":\"ImageObject\",\"inLanguage\":\"es\",\"@id\":\"https:\\\/\\\/lalaboralaula.es\\\/GV042526\\\/index.php\\\/producto\\\/amore-blush\\\/#primaryimage\",\"url\":\"https:\\\/\\\/lalaboralaula.es\\\/GV042526\\\/wp-content\\\/uploads\\\/2025\\\/10\\\/2BL-removebg-preview.png\",\"contentUrl\":\"https:\\\/\\\/lalaboralaula.es\\\/GV042526\\\/wp-content\\\/uploads\\\/2025\\\/10\\\/2BL-removebg-preview.png\",\"width\":488,\"height\":512,\"caption\":\"BLUSH EN GELATINA DE GAMA AMORE BUSH EN DOS COLORES\"},{\"@type\":\"BreadcrumbList\",\"@id\":\"https:\\\/\\\/lalaboralaula.es\\\/GV042526\\\/index.php\\\/producto\\\/amore-blush\\\/#breadcrumb\",\"itemListElement\":[{\"@type\":\"ListItem\",\"position\":1,\"name\":\"Portada\",\"item\":\"https:\\\/\\\/lalaboralaula.es\\\/GV042526\\\/\"},{\"@type\":\"ListItem\",\"position\":2,\"name\":\"Tienda\",\"item\":\"https:\\\/\\\/lalaboralaula.es\\\/GV042526\\\/index.php\\\/tienda\\\/\"},{\"@type\":\"ListItem\",\"position\":3,\"name\":\"Amore Blush\"}]},{\"@type\":\"WebSite\",\"@id\":\"https:\\\/\\\/lalaboralaula.es\\\/GV042526\\\/#website\",\"url\":\"https:\\\/\\\/lalaboralaula.es\\\/GV042526\\\/\",\"name\":\"GLOSSIQUE\",\"description\":\"Glossique es la marca de maquillaje que une sensualidad, frescura y elegancia. Cosm\u00e9ticos de calidad, accesibles y con est\u00e9tica pastel que realzan tu belleza aut\u00e9ntica. Brilla, seduce y cuida tu piel con productos creados para transformar tu d\u00eda a d\u00eda en un ritual de amor propio.\",\"publisher\":{\"@id\":\"https:\\\/\\\/lalaboralaula.es\\\/GV042526\\\/#organization\"},\"potentialAction\":[{\"@type\":\"SearchAction\",\"target\":{\"@type\":\"EntryPoint\",\"urlTemplate\":\"https:\\\/\\\/lalaboralaula.es\\\/GV042526\\\/?s={search_term_string}\"},\"query-input\":{\"@type\":\"PropertyValueSpecification\",\"valueRequired\":true,\"valueName\":\"search_term_string\"}}],\"inLanguage\":\"es\"},{\"@type\":\"Organization\",\"@id\":\"https:\\\/\\\/lalaboralaula.es\\\/GV042526\\\/#organization\",\"name\":\"GLOSSIQUE\",\"url\":\"https:\\\/\\\/lalaboralaula.es\\\/GV042526\\\/\",\"logo\":{\"@type\":\"ImageObject\",\"inLanguage\":\"es\",\"@id\":\"https:\\\/\\\/lalaboralaula.es\\\/GV042526\\\/#\\\/schema\\\/logo\\\/image\\\/\",\"url\":\"https:\\\/\\\/lalaboralaula.es\\\/GV042526\\\/wp-content\\\/uploads\\\/2025\\\/10\\\/cropped-cropped-logo2-1.png\",\"contentUrl\":\"https:\\\/\\\/lalaboralaula.es\\\/GV042526\\\/wp-content\\\/uploads\\\/2025\\\/10\\\/cropped-cropped-logo2-1.png\",\"width\":479,\"height\":307,\"caption\":\"GLOSSIQUE \"},\"image\":{\"@id\":\"https:\\\/\\\/lalaboralaula.es\\\/GV042526\\\/#\\\/schema\\\/logo\\\/image\\\/\"}}]}<\/script>\n<!-- \/ Yoast SEO plugin. -->","yoast_head_json":{"title":"Amore Blush - GLOSSIQUE","description":"Descubre el nuevo d\u00fao de blush de GLOSSIQUE: dos tonos sedosos, pigmentaci\u00f3n perfecta y un acabado natural que realza tu belleza al instante.","robots":{"index":"index","follow":"follow","max-snippet":"max-snippet:-1","max-image-preview":"max-image-preview:large","max-video-preview":"max-video-preview:-1"},"canonical":"https:\/\/lalaboralaula.es\/GV042526\/index.php\/producto\/amore-blush\/","og_locale":"es_ES","og_type":"article","og_title":"Amore Blush - GLOSSIQUE","og_description":"Descubre el nuevo d\u00fao de blush de GLOSSIQUE: dos tonos sedosos, pigmentaci\u00f3n perfecta y un acabado natural que realza tu belleza al instante.","og_url":"https:\/\/lalaboralaula.es\/GV042526\/index.php\/producto\/amore-blush\/","og_site_name":"GLOSSIQUE","article_modified_time":"2026-01-27T19:20:29+00:00","og_image":[{"width":488,"height":512,"url":"https:\/\/lalaboralaula.es\/GV042526\/wp-content\/uploads\/2025\/10\/2BL-removebg-preview.png","type":"image\/png"}],"twitter_card":"summary_large_image","twitter_misc":{"Tiempo de lectura":"2 minutos"},"schema":{"@context":"https:\/\/schema.org","@graph":[{"@type":"WebPage","@id":"https:\/\/lalaboralaula.es\/GV042526\/index.php\/producto\/amore-blush\/","url":"https:\/\/lalaboralaula.es\/GV042526\/index.php\/producto\/amore-blush\/","name":"Amore Blush - GLOSSIQUE","isPartOf":{"@id":"https:\/\/lalaboralaula.es\/GV042526\/#website"},"primaryImageOfPage":{"@id":"https:\/\/lalaboralaula.es\/GV042526\/index.php\/producto\/amore-blush\/#primaryimage"},"image":{"@id":"https:\/\/lalaboralaula.es\/GV042526\/index.php\/producto\/amore-blush\/#primaryimage"},"thumbnailUrl":"https:\/\/lalaboralaula.es\/GV042526\/wp-content\/uploads\/2025\/10\/2BL-removebg-preview.png","datePublished":"2025-10-31T17:38:22+00:00","dateModified":"2026-01-27T19:20:29+00:00","description":"Descubre el nuevo d\u00fao de blush de GLOSSIQUE: dos tonos sedosos, pigmentaci\u00f3n perfecta y un acabado natural que realza tu belleza al instante.","breadcrumb":{"@id":"https:\/\/lalaboralaula.es\/GV042526\/index.php\/producto\/amore-blush\/#breadcrumb"},"inLanguage":"es","potentialAction":[{"@type":"ReadAction","target":["https:\/\/lalaboralaula.es\/GV042526\/index.php\/producto\/amore-blush\/"]}]},{"@type":"ImageObject","inLanguage":"es","@id":"https:\/\/lalaboralaula.es\/GV042526\/index.php\/producto\/amore-blush\/#primaryimage","url":"https:\/\/lalaboralaula.es\/GV042526\/wp-content\/uploads\/2025\/10\/2BL-removebg-preview.png","contentUrl":"https:\/\/lalaboralaula.es\/GV042526\/wp-content\/uploads\/2025\/10\/2BL-removebg-preview.png","width":488,"height":512,"caption":"BLUSH EN GELATINA DE GAMA AMORE BUSH EN DOS COLORES"},{"@type":"BreadcrumbList","@id":"https:\/\/lalaboralaula.es\/GV042526\/index.php\/producto\/amore-blush\/#breadcrumb","itemListElement":[{"@type":"ListItem","position":1,"name":"Portada","item":"https:\/\/lalaboralaula.es\/GV042526\/"},{"@type":"ListItem","position":2,"name":"Tienda","item":"https:\/\/lalaboralaula.es\/GV042526\/index.php\/tienda\/"},{"@type":"ListItem","position":3,"name":"Amore Blush"}]},{"@type":"WebSite","@id":"https:\/\/lalaboralaula.es\/GV042526\/#website","url":"https:\/\/lalaboralaula.es\/GV042526\/","name":"GLOSSIQUE","description":"Glossique es la marca de maquillaje que une sensualidad, frescura y elegancia. Cosm\u00e9ticos de calidad, accesibles y con est\u00e9tica pastel que realzan tu belleza aut\u00e9ntica. Brilla, seduce y cuida tu piel con productos creados para transformar tu d\u00eda a d\u00eda en un ritual de amor propio.","publisher":{"@id":"https:\/\/lalaboralaula.es\/GV042526\/#organization"},"potentialAction":[{"@type":"SearchAction","target":{"@type":"EntryPoint","urlTemplate":"https:\/\/lalaboralaula.es\/GV042526\/?s={search_term_string}"},"query-input":{"@type":"PropertyValueSpecification","valueRequired":true,"valueName":"search_term_string"}}],"inLanguage":"es"},{"@type":"Organization","@id":"https:\/\/lalaboralaula.es\/GV042526\/#organization","name":"GLOSSIQUE","url":"https:\/\/lalaboralaula.es\/GV042526\/","logo":{"@type":"ImageObject","inLanguage":"es","@id":"https:\/\/lalaboralaula.es\/GV042526\/#\/schema\/logo\/image\/","url":"https:\/\/lalaboralaula.es\/GV042526\/wp-content\/uploads\/2025\/10\/cropped-cropped-logo2-1.png","contentUrl":"https:\/\/lalaboralaula.es\/GV042526\/wp-content\/uploads\/2025\/10\/cropped-cropped-logo2-1.png","width":479,"height":307,"caption":"GLOSSIQUE "},"image":{"@id":"https:\/\/lalaboralaula.es\/GV042526\/#\/schema\/logo\/image\/"}}]}},"_links":{"self":[{"href":"https:\/\/lalaboralaula.es\/GV042526\/index.php\/wp-json\/wp\/v2\/product\/127","targetHints":{"allow":["GET"]}}],"collection":[{"href":"https:\/\/lalaboralaula.es\/GV042526\/index.php\/wp-json\/wp\/v2\/product"}],"about":[{"href":"https:\/\/lalaboralaula.es\/GV042526\/index.php\/wp-json\/wp\/v2\/types\/product"}],"replies":[{"embeddable":true,"href":"https:\/\/lalaboralaula.es\/GV042526\/index.php\/wp-json\/wp\/v2\/comments?post=127"}],"wp:featuredmedia":[{"embeddable":true,"href":"https:\/\/lalaboralaula.es\/GV042526\/index.php\/wp-json\/wp\/v2\/media\/143"}],"wp:attachment":[{"href":"https:\/\/lalaboralaula.es\/GV042526\/index.php\/wp-json\/wp\/v2\/media?parent=127"}],"wp:term":[{"taxonomy":"product_brand","embeddable":true,"href":"https:\/\/lalaboralaula.es\/GV042526\/index.php\/wp-json\/wp\/v2\/product_brand?post=127"},{"taxonomy":"product_cat","embeddable":true,"href":"https:\/\/lalaboralaula.es\/GV042526\/index.php\/wp-json\/wp\/v2\/product_cat?post=127"},{"taxonomy":"product_tag","embeddable":true,"href":"https:\/\/lalaboralaula.es\/GV042526\/index.php\/wp-json\/wp\/v2\/product_tag?post=127"}],"curies":[{"name":"wp","href":"https:\/\/api.w.org\/{rel}","templated":true}]}}