{"id":73,"date":"2025-10-31T16:09:35","date_gmt":"2025-10-31T16:09:35","guid":{"rendered":"https:\/\/lalaboralaula.es\/GV042526\/index.php\/carrito\/"},"modified":"2025-10-31T18:11:02","modified_gmt":"2025-10-31T18:11:02","slug":"carrito","status":"publish","type":"page","link":"https:\/\/lalaboralaula.es\/GV042526\/index.php\/carrito\/","title":{"rendered":"Carrito"},"content":{"rendered":"\n<div data-block-name=\"woocommerce\/cart\" class=\"wp-block-woocommerce-cart alignwide is-loading\">\n<div data-block-name=\"woocommerce\/filled-cart-block\" class=\"wp-block-woocommerce-filled-cart-block\">\n<div data-block-name=\"woocommerce\/cart-items-block\" class=\"wp-block-woocommerce-cart-items-block\">\n<div data-block-name=\"woocommerce\/cart-line-items-block\" class=\"wp-block-woocommerce-cart-line-items-block\"><\/div>\n\n\n<\/div>\n\n\n\n\n<div data-block-name=\"woocommerce\/cart-totals-block\" class=\"wp-block-woocommerce-cart-totals-block\">\n<div data-block-name=\"woocommerce\/cart-order-summary-block\" class=\"wp-block-woocommerce-cart-order-summary-block\">\n<div data-block-name=\"woocommerce\/cart-order-summary-heading-block\" class=\"wp-block-woocommerce-cart-order-summary-heading-block\"><\/div><div data-block-name=\"woocommerce\/cart-order-summary-coupon-form-block\" class=\"wp-block-woocommerce-cart-order-summary-coupon-form-block\"><\/div><div data-block-name=\"woocommerce\/cart-order-summary-totals-block\" class=\"wp-block-woocommerce-cart-order-summary-totals-block\">\n<div data-block-name=\"woocommerce\/cart-order-summary-subtotal-block\" class=\"wp-block-woocommerce-cart-order-summary-subtotal-block\"><\/div>\n<div data-block-name=\"woocommerce\/cart-order-summary-discount-block\" class=\"wp-block-woocommerce-cart-order-summary-discount-block\"><\/div>\n<div data-block-name=\"woocommerce\/cart-order-summary-fee-block\" class=\"wp-block-woocommerce-cart-order-summary-fee-block\"><\/div>\n<div data-block-name=\"woocommerce\/cart-order-summary-shipping-block\" class=\"wp-block-woocommerce-cart-order-summary-shipping-block\"><\/div>\n<div data-block-name=\"woocommerce\/cart-order-summary-taxes-block\" class=\"wp-block-woocommerce-cart-order-summary-taxes-block\"><\/div><\/div>\n<\/div>\n\n\n\n<div data-block-name=\"woocommerce\/cart-express-payment-block\" class=\"wp-block-woocommerce-cart-express-payment-block\"><\/div>\n\n\n\n<div data-block-name=\"woocommerce\/proceed-to-checkout-block\" class=\"wp-block-woocommerce-proceed-to-checkout-block\"><\/div>\n\n\n\n<div data-block-name=\"woocommerce\/cart-accepted-payment-methods-block\" class=\"wp-block-woocommerce-cart-accepted-payment-methods-block\"><\/div>\n<\/div>\n<\/div>\n\n\n\n<div data-block-name=\"woocommerce\/empty-cart-block\" class=\"wp-block-woocommerce-empty-cart-block\">\n<h2 class=\"wp-block-heading has-text-align-center with-empty-cart-icon wc-block-cart__empty-cart__title\">\u00a1Tu carrito est\u00e1 actualmente vac\u00edo!<\/h2>\n\n\n\n<hr class=\"wp-block-separator has-alpha-channel-opacity is-style-dots\"\/>\n\n\n\n<h2 class=\"wp-block-heading has-text-align-center\">Nuevo en la tienda<\/h2>\n\n\n<div data-block-name=\"woocommerce\/product-new\" data-columns=\"4\" data-rows=\"1\" class=\"wc-block-grid wp-block-product-new wp-block-woocommerce-product-new wc-block-product-new has-4-columns\"><ul class=\"wc-block-grid__products\"><li class=\"wc-block-grid__product\">\n\t\t\t\t<a href=\"https:\/\/lalaboralaula.es\/GV042526\/index.php\/producto\/estuche-de-acuarelas-trazos-del-alma-en-acuarela\/\" class=\"wc-block-grid__product-link\">\n\t\t\t\t\t\n\t\t\t\t\t<div class=\"wc-block-grid__product-image\"><img loading=\"lazy\" decoding=\"async\" width=\"324\" height=\"324\" src=\"https:\/\/lalaboralaula.es\/GV042526\/wp-content\/uploads\/woocommerce-placeholder-324x324.webp\" class=\"woocommerce-placeholder wp-post-image\" alt=\"\" srcset=\"https:\/\/lalaboralaula.es\/GV042526\/wp-content\/uploads\/woocommerce-placeholder-324x324.webp 324w, https:\/\/lalaboralaula.es\/GV042526\/wp-content\/uploads\/woocommerce-placeholder-100x100.webp 100w, https:\/\/lalaboralaula.es\/GV042526\/wp-content\/uploads\/woocommerce-placeholder-416x416.webp 416w, https:\/\/lalaboralaula.es\/GV042526\/wp-content\/uploads\/woocommerce-placeholder-300x300.webp 300w, https:\/\/lalaboralaula.es\/GV042526\/wp-content\/uploads\/woocommerce-placeholder-1024x1024.webp 1024w, https:\/\/lalaboralaula.es\/GV042526\/wp-content\/uploads\/woocommerce-placeholder-150x150.webp 150w, https:\/\/lalaboralaula.es\/GV042526\/wp-content\/uploads\/woocommerce-placeholder-768x768.webp 768w, https:\/\/lalaboralaula.es\/GV042526\/wp-content\/uploads\/woocommerce-placeholder.webp 1200w\" sizes=\"auto, (max-width: 324px) 100vw, 324px\" \/><\/div>\n\t\t\t\t\t<div class=\"wc-block-grid__product-title\">Estuche de Acuarelas Trazos del Alma en Acuarela<\/div>\n\t\t\t\t<\/a>\n\t\t\t\t<div class=\"wc-block-grid__product-price price\"><\/div>\n\t\t\t\t\n\t\t\t\t<div class=\"wp-block-button wc-block-grid__product-add-to-cart\"><a href=\"https:\/\/lalaboralaula.es\/GV042526\/index.php\/producto\/estuche-de-acuarelas-trazos-del-alma-en-acuarela\/\" aria-label=\"Lee m\u00e1s sobre &ldquo;Estuche de Acuarelas Trazos del Alma en Acuarela&rdquo;\" data-quantity=\"1\" data-product_id=\"322\" data-product_sku=\"\" data-price=\"0\" rel=\"nofollow\" class=\"wp-block-button__link  add_to_cart_button\">Leer m\u00e1s<\/a><\/div>\n\t\t\t<\/li><li class=\"wc-block-grid__product\">\n\t\t\t\t<a href=\"https:\/\/lalaboralaula.es\/GV042526\/index.php\/producto\/20-descuento-en-trazos-del-alma-en-acuarela\/\" class=\"wc-block-grid__product-link\">\n\t\t\t\t\t\n\t\t\t\t\t<div class=\"wc-block-grid__product-image\"><img loading=\"lazy\" decoding=\"async\" width=\"324\" height=\"324\" src=\"https:\/\/lalaboralaula.es\/GV042526\/wp-content\/uploads\/2025\/11\/banner-324x324.jpg\" class=\"attachment-woocommerce_thumbnail size-woocommerce_thumbnail\" alt=\"20 %DESCUENTO\" srcset=\"https:\/\/lalaboralaula.es\/GV042526\/wp-content\/uploads\/2025\/11\/banner-324x324.jpg 324w, https:\/\/lalaboralaula.es\/GV042526\/wp-content\/uploads\/2025\/11\/banner-150x150.jpg 150w, https:\/\/lalaboralaula.es\/GV042526\/wp-content\/uploads\/2025\/11\/banner-100x100.jpg 100w\" sizes=\"auto, (max-width: 324px) 100vw, 324px\" \/><\/div>\n\t\t\t\t\t<div class=\"wc-block-grid__product-title\">20% DESCUENTO EN TRAZOS DEL ALMA EN ACUARELA<\/div>\n\t\t\t\t<\/a>\n\t\t\t\t<div class=\"wc-block-grid__product-price price\"><\/div>\n\t\t\t\t\n\t\t\t\t<div class=\"wp-block-button wc-block-grid__product-add-to-cart\"><a href=\"https:\/\/lalaboralaula.es\/GV042526\/index.php\/producto\/20-descuento-en-trazos-del-alma-en-acuarela\/\" aria-label=\"Lee m\u00e1s sobre &ldquo;20% DESCUENTO EN TRAZOS DEL ALMA EN ACUARELA&rdquo;\" data-quantity=\"1\" data-product_id=\"328\" data-product_sku=\"\" data-price=\"0\" rel=\"nofollow\" class=\"wp-block-button__link  add_to_cart_button\">Leer m\u00e1s<\/a><\/div>\n\t\t\t<\/li><li class=\"wc-block-grid__product\">\n\t\t\t\t<a href=\"https:\/\/lalaboralaula.es\/GV042526\/index.php\/producto\/trazos-del-alma-en-acuarela\/\" class=\"wc-block-grid__product-link\">\n\t\t\t\t\t\n\t\t\t\t\t<div class=\"wc-block-grid__product-image\"><img loading=\"lazy\" decoding=\"async\" width=\"324\" height=\"324\" src=\"https:\/\/lalaboralaula.es\/GV042526\/wp-content\/uploads\/2025\/11\/image-5-324x324.png\" class=\"attachment-woocommerce_thumbnail size-woocommerce_thumbnail\" alt=\"libro diario\" srcset=\"https:\/\/lalaboralaula.es\/GV042526\/wp-content\/uploads\/2025\/11\/image-5-324x324.png 324w, https:\/\/lalaboralaula.es\/GV042526\/wp-content\/uploads\/2025\/11\/image-5-150x150.png 150w, https:\/\/lalaboralaula.es\/GV042526\/wp-content\/uploads\/2025\/11\/image-5-100x100.png 100w\" sizes=\"auto, (max-width: 324px) 100vw, 324px\" \/><\/div>\n\t\t\t\t\t<div class=\"wc-block-grid__product-title\">Trazos del alma en acuarela<\/div>\n\t\t\t\t<\/a>\n\t\t\t\t<div class=\"wc-block-grid__product-price price\"><span class=\"woocommerce-Price-amount amount\">35,99&nbsp;<span class=\"woocommerce-Price-currencySymbol\">&euro;<\/span><\/span><\/div>\n\t\t\t\t\n\t\t\t\t<div class=\"wp-block-button wc-block-grid__product-add-to-cart\"><a href=\"\/GV042526\/index.php\/wp-json\/wp\/v2\/pages\/73?add-to-cart=324\" aria-label=\"A\u00f1adir al carrito: &ldquo;Trazos del alma en acuarela&rdquo;\" data-quantity=\"1\" data-product_id=\"324\" data-product_sku=\"TDA2025\" data-price=\"35.99\" rel=\"nofollow\" class=\"wp-block-button__link  add_to_cart_button ajax_add_to_cart\">A\u00f1adir al carrito<\/a><\/div>\n\t\t\t<\/li><li class=\"wc-block-grid__product\">\n\t\t\t\t<a href=\"https:\/\/lalaboralaula.es\/GV042526\/index.php\/producto\/tarjeta-regalo\/\" class=\"wc-block-grid__product-link\">\n\t\t\t\t\t\n\t\t\t\t\t<div class=\"wc-block-grid__product-image\"><img loading=\"lazy\" decoding=\"async\" width=\"324\" height=\"324\" src=\"https:\/\/lalaboralaula.es\/GV042526\/wp-content\/uploads\/2025\/11\/Tarjeta-Datos-de-Pago-Tienda-Ilustrado-Rosa-1-324x324.jpg\" class=\"attachment-woocommerce_thumbnail size-woocommerce_thumbnail\" alt=\"tarjeta regalo\" srcset=\"https:\/\/lalaboralaula.es\/GV042526\/wp-content\/uploads\/2025\/11\/Tarjeta-Datos-de-Pago-Tienda-Ilustrado-Rosa-1-324x324.jpg 324w, https:\/\/lalaboralaula.es\/GV042526\/wp-content\/uploads\/2025\/11\/Tarjeta-Datos-de-Pago-Tienda-Ilustrado-Rosa-1-150x150.jpg 150w, https:\/\/lalaboralaula.es\/GV042526\/wp-content\/uploads\/2025\/11\/Tarjeta-Datos-de-Pago-Tienda-Ilustrado-Rosa-1-100x100.jpg 100w\" sizes=\"auto, (max-width: 324px) 100vw, 324px\" \/><\/div>\n\t\t\t\t\t<div class=\"wc-block-grid__product-title\">Tarjeta regalo<\/div>\n\t\t\t\t<\/a>\n\t\t\t\t<div class=\"wc-block-grid__product-price price\"><span class=\"woocommerce-Price-amount amount\" aria-hidden=\"true\">50,00&nbsp;<span class=\"woocommerce-Price-currencySymbol\">&euro;<\/span><\/span> <span aria-hidden=\"true\">&#8211;<\/span> <span class=\"woocommerce-Price-amount amount\" aria-hidden=\"true\">200,00&nbsp;<span class=\"woocommerce-Price-currencySymbol\">&euro;<\/span><\/span><span class=\"screen-reader-text\">Rango de precios: desde 50,00&nbsp;&euro; hasta 200,00&nbsp;&euro;<\/span><\/div>\n\t\t\t\t\n\t\t\t\t<div class=\"wp-block-button wc-block-grid__product-add-to-cart\"><a href=\"https:\/\/lalaboralaula.es\/GV042526\/index.php\/producto\/tarjeta-regalo\/\" aria-label=\"Elige las opciones para &ldquo;Tarjeta regalo&rdquo;\" data-quantity=\"1\" data-product_id=\"220\" data-product_sku=\"GRD-50100150200\" data-price=\"50\" rel=\"nofollow\" class=\"wp-block-button__link  add_to_cart_button\">Seleccionar opciones<\/a><\/div>\n\t\t\t<\/li><\/ul><\/div><\/div>\n<\/div>\n","protected":false},"excerpt":{"rendered":"","protected":false},"author":1,"featured_media":0,"parent":0,"menu_order":0,"comment_status":"closed","ping_status":"closed","template":"","meta":{"footnotes":""},"class_list":["post-73","page","type-page","status-publish","hentry"],"yoast_head":"<!-- This site is optimized with the Yoast SEO plugin v27.4 - https:\/\/yoast.com\/product\/yoast-seo-wordpress\/ -->\n<title>Carrito - GLOSSIQUE<\/title>\n<meta name=\"robots\" content=\"index, follow, max-snippet:-1, max-image-preview:large, max-video-preview:-1\" \/>\n<link rel=\"canonical\" href=\"https:\/\/lalaboralaula.es\/GV042526\/index.php\/carrito\/\" \/>\n<meta property=\"og:locale\" content=\"es_ES\" \/>\n<meta property=\"og:type\" content=\"article\" \/>\n<meta property=\"og:title\" content=\"Carrito - GLOSSIQUE\" \/>\n<meta property=\"og:url\" content=\"https:\/\/lalaboralaula.es\/GV042526\/index.php\/carrito\/\" \/>\n<meta property=\"og:site_name\" content=\"GLOSSIQUE\" \/>\n<meta property=\"article:modified_time\" content=\"2025-10-31T18:11:02+00:00\" \/>\n<meta name=\"twitter:card\" content=\"summary_large_image\" \/>\n<script type=\"application\/ld+json\" class=\"yoast-schema-graph\">{\"@context\":\"https:\\\/\\\/schema.org\",\"@graph\":[{\"@type\":\"WebPage\",\"@id\":\"https:\\\/\\\/lalaboralaula.es\\\/GV042526\\\/index.php\\\/carrito\\\/\",\"url\":\"https:\\\/\\\/lalaboralaula.es\\\/GV042526\\\/index.php\\\/carrito\\\/\",\"name\":\"Carrito - GLOSSIQUE\",\"isPartOf\":{\"@id\":\"https:\\\/\\\/lalaboralaula.es\\\/GV042526\\\/#website\"},\"datePublished\":\"2025-10-31T16:09:35+00:00\",\"dateModified\":\"2025-10-31T18:11:02+00:00\",\"breadcrumb\":{\"@id\":\"https:\\\/\\\/lalaboralaula.es\\\/GV042526\\\/index.php\\\/carrito\\\/#breadcrumb\"},\"inLanguage\":\"es\",\"potentialAction\":[{\"@type\":\"ReadAction\",\"target\":[\"https:\\\/\\\/lalaboralaula.es\\\/GV042526\\\/index.php\\\/carrito\\\/\"]}]},{\"@type\":\"BreadcrumbList\",\"@id\":\"https:\\\/\\\/lalaboralaula.es\\\/GV042526\\\/index.php\\\/carrito\\\/#breadcrumb\",\"itemListElement\":[{\"@type\":\"ListItem\",\"position\":1,\"name\":\"Portada\",\"item\":\"https:\\\/\\\/lalaboralaula.es\\\/GV042526\\\/\"},{\"@type\":\"ListItem\",\"position\":2,\"name\":\"Carrito\"}]},{\"@type\":\"WebSite\",\"@id\":\"https:\\\/\\\/lalaboralaula.es\\\/GV042526\\\/#website\",\"url\":\"https:\\\/\\\/lalaboralaula.es\\\/GV042526\\\/\",\"name\":\"GLOSSIQUE\",\"description\":\"Glossique es la marca de maquillaje que une sensualidad, frescura y elegancia. Cosm\u00e9ticos de calidad, accesibles y con est\u00e9tica pastel que realzan tu belleza aut\u00e9ntica. Brilla, seduce y cuida tu piel con productos creados para transformar tu d\u00eda a d\u00eda en un ritual de amor propio.\",\"publisher\":{\"@id\":\"https:\\\/\\\/lalaboralaula.es\\\/GV042526\\\/#organization\"},\"potentialAction\":[{\"@type\":\"SearchAction\",\"target\":{\"@type\":\"EntryPoint\",\"urlTemplate\":\"https:\\\/\\\/lalaboralaula.es\\\/GV042526\\\/?s={search_term_string}\"},\"query-input\":{\"@type\":\"PropertyValueSpecification\",\"valueRequired\":true,\"valueName\":\"search_term_string\"}}],\"inLanguage\":\"es\"},{\"@type\":\"Organization\",\"@id\":\"https:\\\/\\\/lalaboralaula.es\\\/GV042526\\\/#organization\",\"name\":\"GLOSSIQUE\",\"url\":\"https:\\\/\\\/lalaboralaula.es\\\/GV042526\\\/\",\"logo\":{\"@type\":\"ImageObject\",\"inLanguage\":\"es\",\"@id\":\"https:\\\/\\\/lalaboralaula.es\\\/GV042526\\\/#\\\/schema\\\/logo\\\/image\\\/\",\"url\":\"https:\\\/\\\/lalaboralaula.es\\\/GV042526\\\/wp-content\\\/uploads\\\/2025\\\/10\\\/cropped-cropped-logo2-1.png\",\"contentUrl\":\"https:\\\/\\\/lalaboralaula.es\\\/GV042526\\\/wp-content\\\/uploads\\\/2025\\\/10\\\/cropped-cropped-logo2-1.png\",\"width\":479,\"height\":307,\"caption\":\"GLOSSIQUE \"},\"image\":{\"@id\":\"https:\\\/\\\/lalaboralaula.es\\\/GV042526\\\/#\\\/schema\\\/logo\\\/image\\\/\"}}]}<\/script>\n<!-- \/ Yoast SEO plugin. -->","yoast_head_json":{"title":"Carrito - GLOSSIQUE","robots":{"index":"index","follow":"follow","max-snippet":"max-snippet:-1","max-image-preview":"max-image-preview:large","max-video-preview":"max-video-preview:-1"},"canonical":"https:\/\/lalaboralaula.es\/GV042526\/index.php\/carrito\/","og_locale":"es_ES","og_type":"article","og_title":"Carrito - GLOSSIQUE","og_url":"https:\/\/lalaboralaula.es\/GV042526\/index.php\/carrito\/","og_site_name":"GLOSSIQUE","article_modified_time":"2025-10-31T18:11:02+00:00","twitter_card":"summary_large_image","schema":{"@context":"https:\/\/schema.org","@graph":[{"@type":"WebPage","@id":"https:\/\/lalaboralaula.es\/GV042526\/index.php\/carrito\/","url":"https:\/\/lalaboralaula.es\/GV042526\/index.php\/carrito\/","name":"Carrito - GLOSSIQUE","isPartOf":{"@id":"https:\/\/lalaboralaula.es\/GV042526\/#website"},"datePublished":"2025-10-31T16:09:35+00:00","dateModified":"2025-10-31T18:11:02+00:00","breadcrumb":{"@id":"https:\/\/lalaboralaula.es\/GV042526\/index.php\/carrito\/#breadcrumb"},"inLanguage":"es","potentialAction":[{"@type":"ReadAction","target":["https:\/\/lalaboralaula.es\/GV042526\/index.php\/carrito\/"]}]},{"@type":"BreadcrumbList","@id":"https:\/\/lalaboralaula.es\/GV042526\/index.php\/carrito\/#breadcrumb","itemListElement":[{"@type":"ListItem","position":1,"name":"Portada","item":"https:\/\/lalaboralaula.es\/GV042526\/"},{"@type":"ListItem","position":2,"name":"Carrito"}]},{"@type":"WebSite","@id":"https:\/\/lalaboralaula.es\/GV042526\/#website","url":"https:\/\/lalaboralaula.es\/GV042526\/","name":"GLOSSIQUE","description":"Glossique es la marca de maquillaje que une sensualidad, frescura y elegancia. Cosm\u00e9ticos de calidad, accesibles y con est\u00e9tica pastel que realzan tu belleza aut\u00e9ntica. Brilla, seduce y cuida tu piel con productos creados para transformar tu d\u00eda a d\u00eda en un ritual de amor propio.","publisher":{"@id":"https:\/\/lalaboralaula.es\/GV042526\/#organization"},"potentialAction":[{"@type":"SearchAction","target":{"@type":"EntryPoint","urlTemplate":"https:\/\/lalaboralaula.es\/GV042526\/?s={search_term_string}"},"query-input":{"@type":"PropertyValueSpecification","valueRequired":true,"valueName":"search_term_string"}}],"inLanguage":"es"},{"@type":"Organization","@id":"https:\/\/lalaboralaula.es\/GV042526\/#organization","name":"GLOSSIQUE","url":"https:\/\/lalaboralaula.es\/GV042526\/","logo":{"@type":"ImageObject","inLanguage":"es","@id":"https:\/\/lalaboralaula.es\/GV042526\/#\/schema\/logo\/image\/","url":"https:\/\/lalaboralaula.es\/GV042526\/wp-content\/uploads\/2025\/10\/cropped-cropped-logo2-1.png","contentUrl":"https:\/\/lalaboralaula.es\/GV042526\/wp-content\/uploads\/2025\/10\/cropped-cropped-logo2-1.png","width":479,"height":307,"caption":"GLOSSIQUE "},"image":{"@id":"https:\/\/lalaboralaula.es\/GV042526\/#\/schema\/logo\/image\/"}}]}},"_links":{"self":[{"href":"https:\/\/lalaboralaula.es\/GV042526\/index.php\/wp-json\/wp\/v2\/pages\/73","targetHints":{"allow":["GET"]}}],"collection":[{"href":"https:\/\/lalaboralaula.es\/GV042526\/index.php\/wp-json\/wp\/v2\/pages"}],"about":[{"href":"https:\/\/lalaboralaula.es\/GV042526\/index.php\/wp-json\/wp\/v2\/types\/page"}],"author":[{"embeddable":true,"href":"https:\/\/lalaboralaula.es\/GV042526\/index.php\/wp-json\/wp\/v2\/users\/1"}],"replies":[{"embeddable":true,"href":"https:\/\/lalaboralaula.es\/GV042526\/index.php\/wp-json\/wp\/v2\/comments?post=73"}],"version-history":[{"count":1,"href":"https:\/\/lalaboralaula.es\/GV042526\/index.php\/wp-json\/wp\/v2\/pages\/73\/revisions"}],"predecessor-version":[{"id":141,"href":"https:\/\/lalaboralaula.es\/GV042526\/index.php\/wp-json\/wp\/v2\/pages\/73\/revisions\/141"}],"wp:attachment":[{"href":"https:\/\/lalaboralaula.es\/GV042526\/index.php\/wp-json\/wp\/v2\/media?parent=73"}],"curies":[{"name":"wp","href":"https:\/\/api.w.org\/{rel}","templated":true}]}}